{"id":752,"date":"2019-01-22T13:36:22","date_gmt":"2019-01-22T13:36:22","guid":{"rendered":"http:\/\/64.131.77.249\/Bodega43\/product\/b43180-wijnklimaatkast\/"},"modified":"2023-03-29T09:03:16","modified_gmt":"2023-03-29T09:03:16","slug":"b43180","status":"publish","type":"product","link":"https:\/\/napa43.com\/fr\/product\/b43180\/","title":{"rendered":"B43180 Cave \u00e0 vin"},"content":{"rendered":"<p>La BODEGA43 est pour le vrai amateur de vin. Elle a une capacit\u00e9 de stockage de 180 bouteilles et deux zones de temp\u00e9rature.\u00a0 Il y a suffisamment d\u2019espace pour stocker vos vins pendant des nombreuses ann\u00e9es ou pour avoir un grand stock de service pour le restaurant et la restauration.\u00a0Si cette BODEGA43 est utilise\u00e9 comme une vin armoire, il y a des des \u00e9tag\u00e8res pour les bouteilles qui sont disponibles.\u00a0En plus, elle a la porte design en verre avec poign\u00e9e en acier inoxydable et le verre r\u00e9sistant aux UV.<\/p>\n<p>Lisez ici le <em><strong><a href=\"http:\/\/bodega43.com\/wp-content\/uploads\/2019\/01\/Manual-bodega43-EN-NL-ES-DE.pdf\" target=\"_blank\" rel=\"noopener\">manuel du produit<\/a>\u00a0<\/strong><\/em>de BODEGA43.<\/p>","protected":false},"featured_media":548,"template":"","yoast_head":"<!-- This site is optimized with the Yoast SEO plugin v18.9 - https:\/\/yoast.com\/wordpress\/plugins\/seo\/ -->\n<title>B43180 Wijnklimaatkast 180 flessen en 2 temperatuurzones<\/title>\n<meta name=\"description\" content=\"B43180 Wijnklimaatkast is geschikt voor restaurant- en horecagebruik. Ruime wijnklimaatkast met 180 flessen ruimte.\" \/>\n<meta name=\"robots\" content=\"index, follow, max-snippet:-1, max-image-preview:large, max-video-preview:-1\" \/>\n<link rel=\"canonical\" href=\"https:\/\/napa43.com\/fr\/product\/b43180\/\" \/>\n<meta property=\"og:locale\" content=\"fr_FR\" \/>\n<meta property=\"og:type\" content=\"article\" \/>\n<meta property=\"og:title\" content=\"B43180 Wijnklimaatkast 180 flessen en 2 temperatuurzones\" \/>\n<meta property=\"og:description\" content=\"B43180 Wijnklimaatkast is geschikt voor restaurant- en horecagebruik. Ruime wijnklimaatkast met 180 flessen ruimte.\" \/>\n<meta property=\"og:url\" content=\"https:\/\/napa43.com\/fr\/product\/b43180\/\" \/>\n<meta property=\"og:site_name\" content=\"BODEGA43\" \/>\n<meta property=\"article:modified_time\" content=\"2023-03-29T09:03:16+00:00\" \/>\n<meta property=\"og:image\" content=\"https:\/\/napa43.com\/app\/uploads\/2019\/01\/B43180-front-scaled.jpg\" \/>\n\t<meta property=\"og:image:width\" content=\"1545\" \/>\n\t<meta property=\"og:image:height\" content=\"2560\" \/>\n\t<meta property=\"og:image:type\" content=\"image\/jpeg\" \/>\n<meta name=\"twitter:card\" content=\"summary_large_image\" \/>\n<meta name=\"twitter:label1\" content=\"Dur\u00e9e de lecture estim\u00e9e\" \/>\n\t<meta name=\"twitter:data1\" content=\"1 minute\" \/>\n<script type=\"application\/ld+json\" class=\"yoast-schema-graph\">{\"@context\":\"https:\/\/schema.org\",\"@graph\":[{\"@type\":\"WebSite\",\"@id\":\"https:\/\/napa43.com\/nl\/#website\",\"url\":\"https:\/\/napa43.com\/nl\/\",\"name\":\"BODEGA43\",\"description\":\"De beste kelder voor je wijnen\",\"potentialAction\":[{\"@type\":\"SearchAction\",\"target\":{\"@type\":\"EntryPoint\",\"urlTemplate\":\"https:\/\/napa43.com\/nl\/?s={search_term_string}\"},\"query-input\":\"required name=search_term_string\"}],\"inLanguage\":\"fr-FR\"},{\"@type\":\"ImageObject\",\"inLanguage\":\"fr-FR\",\"@id\":\"https:\/\/napa43.com\/product\/b43180\/#primaryimage\",\"url\":\"https:\/\/napa43.com\/app\/uploads\/2019\/01\/B43180-front-scaled.jpg\",\"contentUrl\":\"https:\/\/napa43.com\/app\/uploads\/2019\/01\/B43180-front-scaled.jpg\",\"width\":1545,\"height\":2560,\"caption\":\"Bodega43\"},{\"@type\":\"WebPage\",\"@id\":\"https:\/\/napa43.com\/product\/b43180\/#webpage\",\"url\":\"https:\/\/napa43.com\/product\/b43180\/\",\"name\":\"B43180 Wijnklimaatkast 180 flessen en 2 temperatuurzones\",\"isPartOf\":{\"@id\":\"https:\/\/napa43.com\/nl\/#website\"},\"primaryImageOfPage\":{\"@id\":\"https:\/\/napa43.com\/product\/b43180\/#primaryimage\"},\"datePublished\":\"2019-01-22T13:36:22+00:00\",\"dateModified\":\"2023-03-29T09:03:16+00:00\",\"description\":\"B43180 Wijnklimaatkast is geschikt voor restaurant- en horecagebruik. Ruime wijnklimaatkast met 180 flessen ruimte.\",\"breadcrumb\":{\"@id\":\"https:\/\/napa43.com\/product\/b43180\/#breadcrumb\"},\"inLanguage\":\"fr-FR\",\"potentialAction\":[{\"@type\":\"ReadAction\",\"target\":[\"https:\/\/napa43.com\/product\/b43180\/\"]}]},{\"@type\":\"BreadcrumbList\",\"@id\":\"https:\/\/napa43.com\/product\/b43180\/#breadcrumb\",\"itemListElement\":[{\"@type\":\"ListItem\",\"position\":1,\"name\":\"Home\",\"item\":\"https:\/\/napa43.com\/nl\/\"},{\"@type\":\"ListItem\",\"position\":2,\"name\":\"B43180 Wijnklimaatkast\"}]}]}<\/script>\n<!-- \/ Yoast SEO plugin. -->","yoast_head_json":{"title":"B43180 Wijnklimaatkast 180 flessen en 2 temperatuurzones","description":"B43180 Wijnklimaatkast is geschikt voor restaurant- en horecagebruik. Ruime wijnklimaatkast met 180 flessen ruimte.","robots":{"index":"index","follow":"follow","max-snippet":"max-snippet:-1","max-image-preview":"max-image-preview:large","max-video-preview":"max-video-preview:-1"},"canonical":"https:\/\/napa43.com\/fr\/product\/b43180\/","og_locale":"fr_FR","og_type":"article","og_title":"B43180 Wijnklimaatkast 180 flessen en 2 temperatuurzones","og_description":"B43180 Wijnklimaatkast is geschikt voor restaurant- en horecagebruik. Ruime wijnklimaatkast met 180 flessen ruimte.","og_url":"https:\/\/napa43.com\/fr\/product\/b43180\/","og_site_name":"BODEGA43","article_modified_time":"2023-03-29T09:03:16+00:00","og_image":[{"width":1545,"height":2560,"url":"https:\/\/napa43.com\/app\/uploads\/2019\/01\/B43180-front-scaled.jpg","type":"image\/jpeg"}],"twitter_card":"summary_large_image","twitter_misc":{"Dur\u00e9e de lecture estim\u00e9e":"1 minute"},"schema":{"@context":"https:\/\/schema.org","@graph":[{"@type":"WebSite","@id":"https:\/\/napa43.com\/nl\/#website","url":"https:\/\/napa43.com\/nl\/","name":"BODEGA43","description":"De beste kelder voor je wijnen","potentialAction":[{"@type":"SearchAction","target":{"@type":"EntryPoint","urlTemplate":"https:\/\/napa43.com\/nl\/?s={search_term_string}"},"query-input":"required name=search_term_string"}],"inLanguage":"fr-FR"},{"@type":"ImageObject","inLanguage":"fr-FR","@id":"https:\/\/napa43.com\/product\/b43180\/#primaryimage","url":"https:\/\/napa43.com\/app\/uploads\/2019\/01\/B43180-front-scaled.jpg","contentUrl":"https:\/\/napa43.com\/app\/uploads\/2019\/01\/B43180-front-scaled.jpg","width":1545,"height":2560,"caption":"Bodega43"},{"@type":"WebPage","@id":"https:\/\/napa43.com\/product\/b43180\/#webpage","url":"https:\/\/napa43.com\/product\/b43180\/","name":"B43180 Wijnklimaatkast 180 flessen en 2 temperatuurzones","isPartOf":{"@id":"https:\/\/napa43.com\/nl\/#website"},"primaryImageOfPage":{"@id":"https:\/\/napa43.com\/product\/b43180\/#primaryimage"},"datePublished":"2019-01-22T13:36:22+00:00","dateModified":"2023-03-29T09:03:16+00:00","description":"B43180 Wijnklimaatkast is geschikt voor restaurant- en horecagebruik. Ruime wijnklimaatkast met 180 flessen ruimte.","breadcrumb":{"@id":"https:\/\/napa43.com\/product\/b43180\/#breadcrumb"},"inLanguage":"fr-FR","potentialAction":[{"@type":"ReadAction","target":["https:\/\/napa43.com\/product\/b43180\/"]}]},{"@type":"BreadcrumbList","@id":"https:\/\/napa43.com\/product\/b43180\/#breadcrumb","itemListElement":[{"@type":"ListItem","position":1,"name":"Home","item":"https:\/\/napa43.com\/nl\/"},{"@type":"ListItem","position":2,"name":"B43180 Wijnklimaatkast"}]}]}},"_links":{"self":[{"href":"https:\/\/napa43.com\/fr\/wp-json\/wp\/v2\/product\/752"}],"collection":[{"href":"https:\/\/napa43.com\/fr\/wp-json\/wp\/v2\/product"}],"about":[{"href":"https:\/\/napa43.com\/fr\/wp-json\/wp\/v2\/types\/product"}],"version-history":[{"count":22,"href":"https:\/\/napa43.com\/fr\/wp-json\/wp\/v2\/product\/752\/revisions"}],"predecessor-version":[{"id":7773,"href":"https:\/\/napa43.com\/fr\/wp-json\/wp\/v2\/product\/752\/revisions\/7773"}],"wp:featuredmedia":[{"embeddable":true,"href":"https:\/\/napa43.com\/fr\/wp-json\/wp\/v2\/media\/548"}],"wp:attachment":[{"href":"https:\/\/napa43.com\/fr\/wp-json\/wp\/v2\/media?parent=752"}],"curies":[{"name":"wp","href":"https:\/\/api.w.org\/{rel}","templated":true}]}}