{"id":750,"date":"2019-01-22T13:36:58","date_gmt":"2019-01-22T13:36:58","guid":{"rendered":"http:\/\/64.131.77.249\/Bodega43\/product\/b4366-wijnkoelkast\/"},"modified":"2023-03-29T09:02:31","modified_gmt":"2023-03-29T09:02:31","slug":"b4366","status":"publish","type":"product","link":"https:\/\/napa43.com\/fr\/product\/b4366\/","title":{"rendered":"B4366 Cave \u00e0 vin"},"content":{"rendered":"<p>Avec une capacit\u00e9 de pas moins de 64 bouteilles et deux zones de temp\u00e9rature pour 24 et 42 bouteilles, cette BODEGA43 est une pi\u00e8ce ma\u00eetresse dans le salon de l\u2019amateur de vin. Il y a suffisamment d\u2019espace pour stocker des vins de diff\u00e9rentes origines afin que vous ayez le bon vin \u00e0 port\u00e9e de main chaque instant.\u00a0Porte design en verre avec poign\u00e9e en acier inoxydable et trois doubles verre r\u00e9sistant aux UV.<\/p>\n<p>Lisez ici le <em><strong><a href=\"http:\/\/bodega43.com\/wp-content\/uploads\/2019\/01\/Manual-bodega43-EN-NL-ES-DE.pdf\" target=\"_blank\" rel=\"noopener\">manuel du produit<\/a>\u00a0<\/strong><\/em>de BODEGA43.<\/p>","protected":false},"featured_media":5528,"template":"","yoast_head":"<!-- This site is optimized with the Yoast SEO plugin v18.9 - https:\/\/yoast.com\/wordpress\/plugins\/seo\/ -->\n<title>B4366 Wijnklimaatkast 66 Flessen en twee temperatuurzones<\/title>\n<meta name=\"description\" content=\"B4366 Wijnklimaatkast met volglazen design deur. RVS handvat en drie dubbel uv werend glas voor optimale rijping.\" \/>\n<meta name=\"robots\" content=\"index, follow, max-snippet:-1, max-image-preview:large, max-video-preview:-1\" \/>\n<link rel=\"canonical\" href=\"https:\/\/napa43.com\/fr\/product\/b4366\/\" \/>\n<meta property=\"og:locale\" content=\"fr_FR\" \/>\n<meta property=\"og:type\" content=\"article\" \/>\n<meta property=\"og:title\" content=\"B4366 Wijnklimaatkast 66 Flessen en twee temperatuurzones\" \/>\n<meta property=\"og:description\" content=\"B4366 Wijnklimaatkast met volglazen design deur. RVS handvat en drie dubbel uv werend glas voor optimale rijping.\" \/>\n<meta property=\"og:url\" content=\"https:\/\/napa43.com\/fr\/product\/b4366\/\" \/>\n<meta property=\"og:site_name\" content=\"BODEGA43\" \/>\n<meta property=\"article:modified_time\" content=\"2023-03-29T09:02:31+00:00\" \/>\n<meta property=\"og:image\" content=\"https:\/\/napa43.com\/app\/uploads\/2019\/01\/B4324-front-1-643x10242-1.png\" \/>\n\t<meta property=\"og:image:width\" content=\"643\" \/>\n\t<meta property=\"og:image:height\" content=\"1024\" \/>\n\t<meta property=\"og:image:type\" content=\"image\/png\" \/>\n<meta name=\"twitter:card\" content=\"summary_large_image\" \/>\n<meta name=\"twitter:label1\" content=\"Dur\u00e9e de lecture estim\u00e9e\" \/>\n\t<meta name=\"twitter:data1\" content=\"1 minute\" \/>\n<script type=\"application\/ld+json\" class=\"yoast-schema-graph\">{\"@context\":\"https:\/\/schema.org\",\"@graph\":[{\"@type\":\"WebSite\",\"@id\":\"https:\/\/napa43.com\/nl\/#website\",\"url\":\"https:\/\/napa43.com\/nl\/\",\"name\":\"BODEGA43\",\"description\":\"De beste kelder voor je wijnen\",\"potentialAction\":[{\"@type\":\"SearchAction\",\"target\":{\"@type\":\"EntryPoint\",\"urlTemplate\":\"https:\/\/napa43.com\/nl\/?s={search_term_string}\"},\"query-input\":\"required name=search_term_string\"}],\"inLanguage\":\"fr-FR\"},{\"@type\":\"ImageObject\",\"inLanguage\":\"fr-FR\",\"@id\":\"https:\/\/napa43.com\/product\/b4366\/#primaryimage\",\"url\":\"https:\/\/napa43.com\/app\/uploads\/2019\/01\/B4324-front-1-643x10242-1.png\",\"contentUrl\":\"https:\/\/napa43.com\/app\/uploads\/2019\/01\/B4324-front-1-643x10242-1.png\",\"width\":643,\"height\":1024},{\"@type\":\"WebPage\",\"@id\":\"https:\/\/napa43.com\/product\/b4366\/#webpage\",\"url\":\"https:\/\/napa43.com\/product\/b4366\/\",\"name\":\"B4366 Wijnklimaatkast 66 Flessen en twee temperatuurzones\",\"isPartOf\":{\"@id\":\"https:\/\/napa43.com\/nl\/#website\"},\"primaryImageOfPage\":{\"@id\":\"https:\/\/napa43.com\/product\/b4366\/#primaryimage\"},\"datePublished\":\"2019-01-22T13:36:58+00:00\",\"dateModified\":\"2023-03-29T09:02:31+00:00\",\"description\":\"B4366 Wijnklimaatkast met volglazen design deur. RVS handvat en drie dubbel uv werend glas voor optimale rijping.\",\"breadcrumb\":{\"@id\":\"https:\/\/napa43.com\/product\/b4366\/#breadcrumb\"},\"inLanguage\":\"fr-FR\",\"potentialAction\":[{\"@type\":\"ReadAction\",\"target\":[\"https:\/\/napa43.com\/product\/b4366\/\"]}]},{\"@type\":\"BreadcrumbList\",\"@id\":\"https:\/\/napa43.com\/product\/b4366\/#breadcrumb\",\"itemListElement\":[{\"@type\":\"ListItem\",\"position\":1,\"name\":\"Home\",\"item\":\"https:\/\/napa43.com\/nl\/\"},{\"@type\":\"ListItem\",\"position\":2,\"name\":\"B4366 Wijnklimaatkast\"}]}]}<\/script>\n<!-- \/ Yoast SEO plugin. -->","yoast_head_json":{"title":"B4366 Wijnklimaatkast 66 Flessen en twee temperatuurzones","description":"B4366 Wijnklimaatkast met volglazen design deur. RVS handvat en drie dubbel uv werend glas voor optimale rijping.","robots":{"index":"index","follow":"follow","max-snippet":"max-snippet:-1","max-image-preview":"max-image-preview:large","max-video-preview":"max-video-preview:-1"},"canonical":"https:\/\/napa43.com\/fr\/product\/b4366\/","og_locale":"fr_FR","og_type":"article","og_title":"B4366 Wijnklimaatkast 66 Flessen en twee temperatuurzones","og_description":"B4366 Wijnklimaatkast met volglazen design deur. RVS handvat en drie dubbel uv werend glas voor optimale rijping.","og_url":"https:\/\/napa43.com\/fr\/product\/b4366\/","og_site_name":"BODEGA43","article_modified_time":"2023-03-29T09:02:31+00:00","og_image":[{"width":643,"height":1024,"url":"https:\/\/napa43.com\/app\/uploads\/2019\/01\/B4324-front-1-643x10242-1.png","type":"image\/png"}],"twitter_card":"summary_large_image","twitter_misc":{"Dur\u00e9e de lecture estim\u00e9e":"1 minute"},"schema":{"@context":"https:\/\/schema.org","@graph":[{"@type":"WebSite","@id":"https:\/\/napa43.com\/nl\/#website","url":"https:\/\/napa43.com\/nl\/","name":"BODEGA43","description":"De beste kelder voor je wijnen","potentialAction":[{"@type":"SearchAction","target":{"@type":"EntryPoint","urlTemplate":"https:\/\/napa43.com\/nl\/?s={search_term_string}"},"query-input":"required name=search_term_string"}],"inLanguage":"fr-FR"},{"@type":"ImageObject","inLanguage":"fr-FR","@id":"https:\/\/napa43.com\/product\/b4366\/#primaryimage","url":"https:\/\/napa43.com\/app\/uploads\/2019\/01\/B4324-front-1-643x10242-1.png","contentUrl":"https:\/\/napa43.com\/app\/uploads\/2019\/01\/B4324-front-1-643x10242-1.png","width":643,"height":1024},{"@type":"WebPage","@id":"https:\/\/napa43.com\/product\/b4366\/#webpage","url":"https:\/\/napa43.com\/product\/b4366\/","name":"B4366 Wijnklimaatkast 66 Flessen en twee temperatuurzones","isPartOf":{"@id":"https:\/\/napa43.com\/nl\/#website"},"primaryImageOfPage":{"@id":"https:\/\/napa43.com\/product\/b4366\/#primaryimage"},"datePublished":"2019-01-22T13:36:58+00:00","dateModified":"2023-03-29T09:02:31+00:00","description":"B4366 Wijnklimaatkast met volglazen design deur. RVS handvat en drie dubbel uv werend glas voor optimale rijping.","breadcrumb":{"@id":"https:\/\/napa43.com\/product\/b4366\/#breadcrumb"},"inLanguage":"fr-FR","potentialAction":[{"@type":"ReadAction","target":["https:\/\/napa43.com\/product\/b4366\/"]}]},{"@type":"BreadcrumbList","@id":"https:\/\/napa43.com\/product\/b4366\/#breadcrumb","itemListElement":[{"@type":"ListItem","position":1,"name":"Home","item":"https:\/\/napa43.com\/nl\/"},{"@type":"ListItem","position":2,"name":"B4366 Wijnklimaatkast"}]}]}},"_links":{"self":[{"href":"https:\/\/napa43.com\/fr\/wp-json\/wp\/v2\/product\/750"}],"collection":[{"href":"https:\/\/napa43.com\/fr\/wp-json\/wp\/v2\/product"}],"about":[{"href":"https:\/\/napa43.com\/fr\/wp-json\/wp\/v2\/types\/product"}],"version-history":[{"count":28,"href":"https:\/\/napa43.com\/fr\/wp-json\/wp\/v2\/product\/750\/revisions"}],"predecessor-version":[{"id":7772,"href":"https:\/\/napa43.com\/fr\/wp-json\/wp\/v2\/product\/750\/revisions\/7772"}],"wp:featuredmedia":[{"embeddable":true,"href":"https:\/\/napa43.com\/fr\/wp-json\/wp\/v2\/media\/5528"}],"wp:attachment":[{"href":"https:\/\/napa43.com\/fr\/wp-json\/wp\/v2\/media?parent=750"}],"curies":[{"name":"wp","href":"https:\/\/api.w.org\/{rel}","templated":true}]}}