{"id":7428,"date":"2021-11-29T15:31:37","date_gmt":"2021-11-29T15:31:37","guid":{"rendered":"https:\/\/bodega43.com\/?post_type=product&#038;p=7428"},"modified":"2023-03-29T08:55:15","modified_gmt":"2023-03-29T08:55:15","slug":"b43145-wijnklimaatkast","status":"publish","type":"product","link":"https:\/\/napa43.com\/fr\/product\/b43145-cave-a-vin\/","title":{"rendered":"B43145 Cave \u00e0 vin"},"content":{"rendered":"<p>Le mod\u00e8le B43100 est le fleuron de la ligne encastrable de la marque BODEGA43. C'est un v\u00e9ritable bijou qui peut \u00eatre install\u00e9 dans la cuisine ou le salon.<\/p>\n<p>Le mod\u00e8le BODEGA43-100 offre de la place pour 100 bouteilles qui peuvent \u00eatre divis\u00e9es en 2 zones de temp\u00e9rature compl\u00e8tement ind\u00e9pendantes. Cette version \u00e9l\u00e9gante est dot\u00e9e d'un \u00e9clairage LED lat\u00e9ral bleu afin que toutes les bouteilles soient visibles depuis les parois lat\u00e9rales. De cette fa\u00e7on, vous cr\u00e9erez une atmosph\u00e8re luxueuse suppl\u00e9mentaire dans votre cuisine. Les \u00e9tag\u00e8res coulissantes sont fabriqu\u00e9es en bois d'acajou laqu\u00e9, un type de bois durable qui cr\u00e9e un aspect chaleureux ainsi qu'un espace ouvert pour une excellente circulation de l'air int\u00e9rieur. Un filtre \u00e0 charbon prot\u00e8ge vos vins des odeurs ind\u00e9sirables.<\/p>\n<p>Utilisant un compresseur Inverter \u00e9conomes en \u00e9nergie, le B43100 a un niveau sonore de seulement 41 dB. Les deux couches de verre minimisent les dommages caus\u00e9s par la lumi\u00e8re UV.\nUne troisi\u00e8me couche de verre offre une isolation thermique suppl\u00e9mentaire.<\/p>\n<p>Avez-vous de nombreux mod\u00e8les de bouteilles diff\u00e9rents dans votre collection de vins ? Pas de probl\u00e8me avec le mod\u00e8le B43100. La distance entre les \u00e9tag\u00e8res est plus que suffisante pour stocker m\u00eame des magnums et des formats plus grands.\n\nLe B43145 est livr\u00e9 en standard avec une poign\u00e9e en acier inoxydable, mais vous pouvez en commander une en noir comme accessoire.<\/p>","protected":false},"featured_media":7429,"template":"","yoast_head":"<!-- This site is optimized with the Yoast SEO plugin v18.9 - https:\/\/yoast.com\/wordpress\/plugins\/seo\/ -->\n<title>B43145 Wijnklimaatkast met 3 temperatuurzones - Volglazen design<\/title>\n<meta name=\"description\" content=\"BODEGA43-145 Wijnklimaatkast met 3 zones voor inbouw en vrijstaand gebruik. Sfeervolle blauwe LED verlichting, volglazen deur en RVS handvat.\" \/>\n<meta name=\"robots\" content=\"index, follow, max-snippet:-1, max-image-preview:large, max-video-preview:-1\" \/>\n<link rel=\"canonical\" href=\"https:\/\/napa43.com\/fr\/product\/b43145-cave-a-vin\/\" \/>\n<meta property=\"og:locale\" content=\"fr_FR\" \/>\n<meta property=\"og:type\" content=\"article\" \/>\n<meta property=\"og:title\" content=\"B43145 Wijnklimaatkast met 3 temperatuurzones - Volglazen design\" \/>\n<meta property=\"og:description\" content=\"BODEGA43-145 Wijnklimaatkast met 3 zones voor inbouw en vrijstaand gebruik. Sfeervolle blauwe LED verlichting, volglazen deur en RVS handvat.\" \/>\n<meta property=\"og:url\" content=\"https:\/\/napa43.com\/fr\/product\/b43145-cave-a-vin\/\" \/>\n<meta property=\"og:site_name\" content=\"BODEGA43\" \/>\n<meta property=\"article:modified_time\" content=\"2023-03-29T08:55:15+00:00\" \/>\n<meta property=\"og:image\" content=\"https:\/\/napa43.com\/app\/uploads\/2021\/11\/Vrijstaande-wijnklimaatkast-met-3-zones.jpg\" \/>\n\t<meta property=\"og:image:width\" content=\"900\" \/>\n\t<meta property=\"og:image:height\" content=\"1388\" \/>\n\t<meta property=\"og:image:type\" content=\"image\/jpeg\" \/>\n<meta name=\"twitter:card\" content=\"summary_large_image\" \/>\n<meta name=\"twitter:label1\" content=\"Dur\u00e9e de lecture estim\u00e9e\" \/>\n\t<meta name=\"twitter:data1\" content=\"1 minute\" \/>\n<script type=\"application\/ld+json\" class=\"yoast-schema-graph\">{\"@context\":\"https:\/\/schema.org\",\"@graph\":[{\"@type\":\"WebSite\",\"@id\":\"https:\/\/napa43.com\/nl\/#website\",\"url\":\"https:\/\/napa43.com\/nl\/\",\"name\":\"BODEGA43\",\"description\":\"De beste kelder voor je wijnen\",\"potentialAction\":[{\"@type\":\"SearchAction\",\"target\":{\"@type\":\"EntryPoint\",\"urlTemplate\":\"https:\/\/napa43.com\/nl\/?s={search_term_string}\"},\"query-input\":\"required name=search_term_string\"}],\"inLanguage\":\"fr-FR\"},{\"@type\":\"ImageObject\",\"inLanguage\":\"fr-FR\",\"@id\":\"https:\/\/napa43.com\/product\/b43145-wijnklimaatkast\/#primaryimage\",\"url\":\"https:\/\/napa43.com\/app\/uploads\/2021\/11\/Vrijstaande-wijnklimaatkast-met-3-zones.jpg\",\"contentUrl\":\"https:\/\/napa43.com\/app\/uploads\/2021\/11\/Vrijstaande-wijnklimaatkast-met-3-zones.jpg\",\"width\":900,\"height\":1388,\"caption\":\"Vrijstaande wijnklimaatkast met 3 zones\"},{\"@type\":\"WebPage\",\"@id\":\"https:\/\/napa43.com\/product\/b43145-wijnklimaatkast\/#webpage\",\"url\":\"https:\/\/napa43.com\/product\/b43145-wijnklimaatkast\/\",\"name\":\"B43145 Wijnklimaatkast met 3 temperatuurzones - Volglazen design\",\"isPartOf\":{\"@id\":\"https:\/\/napa43.com\/nl\/#website\"},\"primaryImageOfPage\":{\"@id\":\"https:\/\/napa43.com\/product\/b43145-wijnklimaatkast\/#primaryimage\"},\"datePublished\":\"2021-11-29T15:31:37+00:00\",\"dateModified\":\"2023-03-29T08:55:15+00:00\",\"description\":\"BODEGA43-145 Wijnklimaatkast met 3 zones voor inbouw en vrijstaand gebruik. Sfeervolle blauwe LED verlichting, volglazen deur en RVS handvat.\",\"breadcrumb\":{\"@id\":\"https:\/\/napa43.com\/product\/b43145-wijnklimaatkast\/#breadcrumb\"},\"inLanguage\":\"fr-FR\",\"potentialAction\":[{\"@type\":\"ReadAction\",\"target\":[\"https:\/\/napa43.com\/product\/b43145-wijnklimaatkast\/\"]}]},{\"@type\":\"BreadcrumbList\",\"@id\":\"https:\/\/napa43.com\/product\/b43145-wijnklimaatkast\/#breadcrumb\",\"itemListElement\":[{\"@type\":\"ListItem\",\"position\":1,\"name\":\"Home\",\"item\":\"https:\/\/napa43.com\/nl\/\"},{\"@type\":\"ListItem\",\"position\":2,\"name\":\"B43145 Wijnklimaatkast\"}]}]}<\/script>\n<!-- \/ Yoast SEO plugin. -->","yoast_head_json":{"title":"B43145 Wijnklimaatkast met 3 temperatuurzones - Volglazen design","description":"BODEGA43-145 Wijnklimaatkast met 3 zones voor inbouw en vrijstaand gebruik. Sfeervolle blauwe LED verlichting, volglazen deur en RVS handvat.","robots":{"index":"index","follow":"follow","max-snippet":"max-snippet:-1","max-image-preview":"max-image-preview:large","max-video-preview":"max-video-preview:-1"},"canonical":"https:\/\/napa43.com\/fr\/product\/b43145-cave-a-vin\/","og_locale":"fr_FR","og_type":"article","og_title":"B43145 Wijnklimaatkast met 3 temperatuurzones - Volglazen design","og_description":"BODEGA43-145 Wijnklimaatkast met 3 zones voor inbouw en vrijstaand gebruik. Sfeervolle blauwe LED verlichting, volglazen deur en RVS handvat.","og_url":"https:\/\/napa43.com\/fr\/product\/b43145-cave-a-vin\/","og_site_name":"BODEGA43","article_modified_time":"2023-03-29T08:55:15+00:00","og_image":[{"width":900,"height":1388,"url":"https:\/\/napa43.com\/app\/uploads\/2021\/11\/Vrijstaande-wijnklimaatkast-met-3-zones.jpg","type":"image\/jpeg"}],"twitter_card":"summary_large_image","twitter_misc":{"Dur\u00e9e de lecture estim\u00e9e":"1 minute"},"schema":{"@context":"https:\/\/schema.org","@graph":[{"@type":"WebSite","@id":"https:\/\/napa43.com\/nl\/#website","url":"https:\/\/napa43.com\/nl\/","name":"BODEGA43","description":"De beste kelder voor je wijnen","potentialAction":[{"@type":"SearchAction","target":{"@type":"EntryPoint","urlTemplate":"https:\/\/napa43.com\/nl\/?s={search_term_string}"},"query-input":"required name=search_term_string"}],"inLanguage":"fr-FR"},{"@type":"ImageObject","inLanguage":"fr-FR","@id":"https:\/\/napa43.com\/product\/b43145-wijnklimaatkast\/#primaryimage","url":"https:\/\/napa43.com\/app\/uploads\/2021\/11\/Vrijstaande-wijnklimaatkast-met-3-zones.jpg","contentUrl":"https:\/\/napa43.com\/app\/uploads\/2021\/11\/Vrijstaande-wijnklimaatkast-met-3-zones.jpg","width":900,"height":1388,"caption":"Vrijstaande wijnklimaatkast met 3 zones"},{"@type":"WebPage","@id":"https:\/\/napa43.com\/product\/b43145-wijnklimaatkast\/#webpage","url":"https:\/\/napa43.com\/product\/b43145-wijnklimaatkast\/","name":"B43145 Wijnklimaatkast met 3 temperatuurzones - Volglazen design","isPartOf":{"@id":"https:\/\/napa43.com\/nl\/#website"},"primaryImageOfPage":{"@id":"https:\/\/napa43.com\/product\/b43145-wijnklimaatkast\/#primaryimage"},"datePublished":"2021-11-29T15:31:37+00:00","dateModified":"2023-03-29T08:55:15+00:00","description":"BODEGA43-145 Wijnklimaatkast met 3 zones voor inbouw en vrijstaand gebruik. Sfeervolle blauwe LED verlichting, volglazen deur en RVS handvat.","breadcrumb":{"@id":"https:\/\/napa43.com\/product\/b43145-wijnklimaatkast\/#breadcrumb"},"inLanguage":"fr-FR","potentialAction":[{"@type":"ReadAction","target":["https:\/\/napa43.com\/product\/b43145-wijnklimaatkast\/"]}]},{"@type":"BreadcrumbList","@id":"https:\/\/napa43.com\/product\/b43145-wijnklimaatkast\/#breadcrumb","itemListElement":[{"@type":"ListItem","position":1,"name":"Home","item":"https:\/\/napa43.com\/nl\/"},{"@type":"ListItem","position":2,"name":"B43145 Wijnklimaatkast"}]}]}},"_links":{"self":[{"href":"https:\/\/napa43.com\/fr\/wp-json\/wp\/v2\/product\/7428"}],"collection":[{"href":"https:\/\/napa43.com\/fr\/wp-json\/wp\/v2\/product"}],"about":[{"href":"https:\/\/napa43.com\/fr\/wp-json\/wp\/v2\/types\/product"}],"version-history":[{"count":4,"href":"https:\/\/napa43.com\/fr\/wp-json\/wp\/v2\/product\/7428\/revisions"}],"predecessor-version":[{"id":7765,"href":"https:\/\/napa43.com\/fr\/wp-json\/wp\/v2\/product\/7428\/revisions\/7765"}],"wp:featuredmedia":[{"embeddable":true,"href":"https:\/\/napa43.com\/fr\/wp-json\/wp\/v2\/media\/7429"}],"wp:attachment":[{"href":"https:\/\/napa43.com\/fr\/wp-json\/wp\/v2\/media?parent=7428"}],"curies":[{"name":"wp","href":"https:\/\/api.w.org\/{rel}","templated":true}]}}