{"id":7390,"date":"2021-11-25T23:15:13","date_gmt":"2021-11-25T23:15:13","guid":{"rendered":"https:\/\/bodega43.com\/?post_type=product&#038;p=7390"},"modified":"2023-03-29T08:56:53","modified_gmt":"2023-03-29T08:56:53","slug":"b4342-inbouw-wijnklimaatkast","status":"publish","type":"product","link":"https:\/\/napa43.com\/fr\/product\/b4342-cave-a-vin-encastrable\/","title":{"rendered":"B4342 Cave \u00e0 vin encastrable"},"content":{"rendered":"<div class=\"product-title-container\">\n<h2 class=\"product-title product_title entry-title\">BODEGA43-42 Cave \u00e0 vin encastrable avec 2 zones de temp\u00e9rature<\/h2>\n<\/div>\n<p>Si vous recherchez une cave \u00e0 vin encastrable de luxe au design \u00e9l\u00e9gant qui ajoute de la valeur \u00e0 votre int\u00e9rieur, il y a de fortes chances que le BODEGA43-42 r\u00e9alise vos r\u00eaves. Le mod\u00e8le B4342 dispose de 2 zones de temp\u00e9rature, qui peuvent \u00eatre r\u00e9gl\u00e9es facilement et ind\u00e9pendamment l'une de l'autre dans une plage de 5-20 \u00baC.<\/p>\n<p>Le mod\u00e8le B4342 fait partie de la ligne de luxe de la marque BODEGA43. Les \u00e9tag\u00e8res coulissantes sont en bois d'acajou laqu\u00e9, un type de bois r\u00e9sistant capable de cr\u00e9er un aspect chaleureux, ainsi que de favoriser un espace ouvert afin de faciliter une circulation d'air interne optimale. Gr\u00e2ce au compresseur inverter, le mod\u00e8le BODEGA43-42 est extr\u00eamement silencieux, avec un niveau sonore de seulement 40dB. La double couche de verre sur la porte r\u00e9duit les dommages caus\u00e9s par les rayons UV.<\/p>\n<p>Le B4342 est livr\u00e9 en standard avec une poign\u00e9e en acier inoxydable, mais vous pouvez en commander une noire comme accessoire.<\/p>","protected":false},"featured_media":7393,"template":"","yoast_head":"<!-- This site is optimized with the Yoast SEO plugin v18.9 - https:\/\/yoast.com\/wordpress\/plugins\/seo\/ -->\n<title>B4342 Inbouw Wijnklimaatkast - Luxe inbouwlijn van BODEGA43<\/title>\n<meta name=\"description\" content=\"B4342 Inbouw Wijnklimaatkast 2 zones geschikt voor 42 flessen. Naadloos integreerbaar in een keuken. Volglazen designdeur met UV filter.\" \/>\n<meta name=\"robots\" content=\"index, follow, max-snippet:-1, max-image-preview:large, max-video-preview:-1\" \/>\n<link rel=\"canonical\" href=\"https:\/\/napa43.com\/fr\/product\/b4342-cave-a-vin-encastrable\/\" \/>\n<meta property=\"og:locale\" content=\"fr_FR\" \/>\n<meta property=\"og:type\" content=\"article\" \/>\n<meta property=\"og:title\" content=\"B4342 Inbouw Wijnklimaatkast - Luxe inbouwlijn van BODEGA43\" \/>\n<meta property=\"og:description\" content=\"B4342 Inbouw Wijnklimaatkast 2 zones geschikt voor 42 flessen. Naadloos integreerbaar in een keuken. Volglazen designdeur met UV filter.\" \/>\n<meta property=\"og:url\" content=\"https:\/\/napa43.com\/fr\/product\/b4342-cave-a-vin-encastrable\/\" \/>\n<meta property=\"og:site_name\" content=\"BODEGA43\" \/>\n<meta property=\"article:modified_time\" content=\"2023-03-29T08:56:53+00:00\" \/>\n<meta property=\"og:image\" content=\"https:\/\/napa43.com\/app\/uploads\/2021\/11\/Inbouw-wijnklimaatkast-BODEGA43-42.jpg\" \/>\n\t<meta property=\"og:image:width\" content=\"1000\" \/>\n\t<meta property=\"og:image:height\" content=\"1390\" \/>\n\t<meta property=\"og:image:type\" content=\"image\/jpeg\" \/>\n<meta name=\"twitter:card\" content=\"summary_large_image\" \/>\n<meta name=\"twitter:label1\" content=\"Dur\u00e9e de lecture estim\u00e9e\" \/>\n\t<meta name=\"twitter:data1\" content=\"1 minute\" \/>\n<script type=\"application\/ld+json\" class=\"yoast-schema-graph\">{\"@context\":\"https:\/\/schema.org\",\"@graph\":[{\"@type\":\"WebSite\",\"@id\":\"https:\/\/napa43.com\/nl\/#website\",\"url\":\"https:\/\/napa43.com\/nl\/\",\"name\":\"BODEGA43\",\"description\":\"De beste kelder voor je wijnen\",\"potentialAction\":[{\"@type\":\"SearchAction\",\"target\":{\"@type\":\"EntryPoint\",\"urlTemplate\":\"https:\/\/napa43.com\/nl\/?s={search_term_string}\"},\"query-input\":\"required name=search_term_string\"}],\"inLanguage\":\"fr-FR\"},{\"@type\":\"ImageObject\",\"inLanguage\":\"fr-FR\",\"@id\":\"https:\/\/napa43.com\/product\/b4342-inbouw-wijnklimaatkast\/#primaryimage\",\"url\":\"https:\/\/napa43.com\/app\/uploads\/2021\/11\/Inbouw-wijnklimaatkast-BODEGA43-42.jpg\",\"contentUrl\":\"https:\/\/napa43.com\/app\/uploads\/2021\/11\/Inbouw-wijnklimaatkast-BODEGA43-42.jpg\",\"width\":1000,\"height\":1390,\"caption\":\"Inbouw wijnklimaatkast BODEGA43-42\"},{\"@type\":\"WebPage\",\"@id\":\"https:\/\/napa43.com\/product\/b4342-inbouw-wijnklimaatkast\/#webpage\",\"url\":\"https:\/\/napa43.com\/product\/b4342-inbouw-wijnklimaatkast\/\",\"name\":\"B4342 Inbouw Wijnklimaatkast - Luxe inbouwlijn van BODEGA43\",\"isPartOf\":{\"@id\":\"https:\/\/napa43.com\/nl\/#website\"},\"primaryImageOfPage\":{\"@id\":\"https:\/\/napa43.com\/product\/b4342-inbouw-wijnklimaatkast\/#primaryimage\"},\"datePublished\":\"2021-11-25T23:15:13+00:00\",\"dateModified\":\"2023-03-29T08:56:53+00:00\",\"description\":\"B4342 Inbouw Wijnklimaatkast 2 zones geschikt voor 42 flessen. Naadloos integreerbaar in een keuken. Volglazen designdeur met UV filter.\",\"breadcrumb\":{\"@id\":\"https:\/\/napa43.com\/product\/b4342-inbouw-wijnklimaatkast\/#breadcrumb\"},\"inLanguage\":\"fr-FR\",\"potentialAction\":[{\"@type\":\"ReadAction\",\"target\":[\"https:\/\/napa43.com\/product\/b4342-inbouw-wijnklimaatkast\/\"]}]},{\"@type\":\"BreadcrumbList\",\"@id\":\"https:\/\/napa43.com\/product\/b4342-inbouw-wijnklimaatkast\/#breadcrumb\",\"itemListElement\":[{\"@type\":\"ListItem\",\"position\":1,\"name\":\"Home\",\"item\":\"https:\/\/napa43.com\/nl\/\"},{\"@type\":\"ListItem\",\"position\":2,\"name\":\"B4342 Inbouw Wijnklimaatkast\"}]}]}<\/script>\n<!-- \/ Yoast SEO plugin. -->","yoast_head_json":{"title":"B4342 Inbouw Wijnklimaatkast - Luxe inbouwlijn van BODEGA43","description":"B4342 Inbouw Wijnklimaatkast 2 zones geschikt voor 42 flessen. Naadloos integreerbaar in een keuken. Volglazen designdeur met UV filter.","robots":{"index":"index","follow":"follow","max-snippet":"max-snippet:-1","max-image-preview":"max-image-preview:large","max-video-preview":"max-video-preview:-1"},"canonical":"https:\/\/napa43.com\/fr\/product\/b4342-cave-a-vin-encastrable\/","og_locale":"fr_FR","og_type":"article","og_title":"B4342 Inbouw Wijnklimaatkast - Luxe inbouwlijn van BODEGA43","og_description":"B4342 Inbouw Wijnklimaatkast 2 zones geschikt voor 42 flessen. Naadloos integreerbaar in een keuken. Volglazen designdeur met UV filter.","og_url":"https:\/\/napa43.com\/fr\/product\/b4342-cave-a-vin-encastrable\/","og_site_name":"BODEGA43","article_modified_time":"2023-03-29T08:56:53+00:00","og_image":[{"width":1000,"height":1390,"url":"https:\/\/napa43.com\/app\/uploads\/2021\/11\/Inbouw-wijnklimaatkast-BODEGA43-42.jpg","type":"image\/jpeg"}],"twitter_card":"summary_large_image","twitter_misc":{"Dur\u00e9e de lecture estim\u00e9e":"1 minute"},"schema":{"@context":"https:\/\/schema.org","@graph":[{"@type":"WebSite","@id":"https:\/\/napa43.com\/nl\/#website","url":"https:\/\/napa43.com\/nl\/","name":"BODEGA43","description":"De beste kelder voor je wijnen","potentialAction":[{"@type":"SearchAction","target":{"@type":"EntryPoint","urlTemplate":"https:\/\/napa43.com\/nl\/?s={search_term_string}"},"query-input":"required name=search_term_string"}],"inLanguage":"fr-FR"},{"@type":"ImageObject","inLanguage":"fr-FR","@id":"https:\/\/napa43.com\/product\/b4342-inbouw-wijnklimaatkast\/#primaryimage","url":"https:\/\/napa43.com\/app\/uploads\/2021\/11\/Inbouw-wijnklimaatkast-BODEGA43-42.jpg","contentUrl":"https:\/\/napa43.com\/app\/uploads\/2021\/11\/Inbouw-wijnklimaatkast-BODEGA43-42.jpg","width":1000,"height":1390,"caption":"Inbouw wijnklimaatkast BODEGA43-42"},{"@type":"WebPage","@id":"https:\/\/napa43.com\/product\/b4342-inbouw-wijnklimaatkast\/#webpage","url":"https:\/\/napa43.com\/product\/b4342-inbouw-wijnklimaatkast\/","name":"B4342 Inbouw Wijnklimaatkast - Luxe inbouwlijn van BODEGA43","isPartOf":{"@id":"https:\/\/napa43.com\/nl\/#website"},"primaryImageOfPage":{"@id":"https:\/\/napa43.com\/product\/b4342-inbouw-wijnklimaatkast\/#primaryimage"},"datePublished":"2021-11-25T23:15:13+00:00","dateModified":"2023-03-29T08:56:53+00:00","description":"B4342 Inbouw Wijnklimaatkast 2 zones geschikt voor 42 flessen. Naadloos integreerbaar in een keuken. Volglazen designdeur met UV filter.","breadcrumb":{"@id":"https:\/\/napa43.com\/product\/b4342-inbouw-wijnklimaatkast\/#breadcrumb"},"inLanguage":"fr-FR","potentialAction":[{"@type":"ReadAction","target":["https:\/\/napa43.com\/product\/b4342-inbouw-wijnklimaatkast\/"]}]},{"@type":"BreadcrumbList","@id":"https:\/\/napa43.com\/product\/b4342-inbouw-wijnklimaatkast\/#breadcrumb","itemListElement":[{"@type":"ListItem","position":1,"name":"Home","item":"https:\/\/napa43.com\/nl\/"},{"@type":"ListItem","position":2,"name":"B4342 Inbouw Wijnklimaatkast"}]}]}},"_links":{"self":[{"href":"https:\/\/napa43.com\/fr\/wp-json\/wp\/v2\/product\/7390"}],"collection":[{"href":"https:\/\/napa43.com\/fr\/wp-json\/wp\/v2\/product"}],"about":[{"href":"https:\/\/napa43.com\/fr\/wp-json\/wp\/v2\/types\/product"}],"version-history":[{"count":9,"href":"https:\/\/napa43.com\/fr\/wp-json\/wp\/v2\/product\/7390\/revisions"}],"predecessor-version":[{"id":7767,"href":"https:\/\/napa43.com\/fr\/wp-json\/wp\/v2\/product\/7390\/revisions\/7767"}],"wp:featuredmedia":[{"embeddable":true,"href":"https:\/\/napa43.com\/fr\/wp-json\/wp\/v2\/media\/7393"}],"wp:attachment":[{"href":"https:\/\/napa43.com\/fr\/wp-json\/wp\/v2\/media?parent=7390"}],"curies":[{"name":"wp","href":"https:\/\/api.w.org\/{rel}","templated":true}]}}