{"id":7374,"date":"2021-11-25T21:48:08","date_gmt":"2021-11-25T21:48:08","guid":{"rendered":"https:\/\/bodega43.com\/product\/bodega4322-copy\/"},"modified":"2023-03-29T08:57:42","modified_gmt":"2023-03-29T08:57:42","slug":"bodega4325","status":"publish","type":"product","link":"https:\/\/napa43.com\/fr\/product\/b4325\/","title":{"rendered":"B4325 Cave \u00e0 vin encastrable"},"content":{"rendered":"<div class=\"product-title-container\">\n<h2 class=\"product-title product_title entry-title\">BODEGA43-25 Cave \u00e0 vin encastrable avec 2 zones de temp\u00e9rature<\/h2>\n<\/div>\n<p><span style=\"font-weight: 400;\">Si vous recherchez une cave \u00e0 vin encastrable de luxe au design \u00e9l\u00e9gant qui ajoute de la valeur \u00e0 votre int\u00e9rieur, il y a de fortes chances que le BODEGA43-42 r\u00e9alise vos r\u00eaves. Le mod\u00e8le B4342 dispose de 2 zones de temp\u00e9rature, qui peuvent \u00eatre r\u00e9gl\u00e9es facilement et ind\u00e9pendamment l'une de l'autre dans une plage de 5-20 \u00baC.<br \/>\n<\/span><\/p>\n<p>La porte est compos\u00e9e de trois couches en verre que favorise une isolation suppl\u00e9mentaire et une r\u00e9duction de la consommation d\u2019\u00e9nergie ; ainsi vos bouteilles peuvent reposer dans des conditions optimales.<\/p>\n<p>Le mod\u00e8le B4325 peut \u00eatre install\u00e9 dans une \u00e9l\u00e9gante cuisine design. Il est livr\u00e9 en standard avec une poign\u00e9e en acier inoxydable, mais vous pouvez en commander une noire comme accessoire.<\/p>\n<p><span style=\"font-weight: 400;\">\u00a0<\/span><\/p>","protected":false},"featured_media":7376,"template":"","yoast_head":"<!-- This site is optimized with the Yoast SEO plugin v18.9 - https:\/\/yoast.com\/wordpress\/plugins\/seo\/ -->\n<title>Inbouw wijnklimaatkast met 2 zones BODEGA43-25 - Luxe design<\/title>\n<meta name=\"description\" content=\"Inbouw wijnklimaatkast met 2 zones BODEGA43-25 met slechts 38 dB. 3 Dubbel bruin-getint glas voorzien van een UV-filter.\" \/>\n<meta name=\"robots\" content=\"index, follow, max-snippet:-1, max-image-preview:large, max-video-preview:-1\" \/>\n<link rel=\"canonical\" href=\"https:\/\/napa43.com\/fr\/product\/b4325\/\" \/>\n<meta property=\"og:locale\" content=\"fr_FR\" \/>\n<meta property=\"og:type\" content=\"article\" \/>\n<meta property=\"og:title\" content=\"Inbouw wijnklimaatkast met 2 zones BODEGA43-25 - Luxe design\" \/>\n<meta property=\"og:description\" content=\"Inbouw wijnklimaatkast met 2 zones BODEGA43-25 met slechts 38 dB. 3 Dubbel bruin-getint glas voorzien van een UV-filter.\" \/>\n<meta property=\"og:url\" content=\"https:\/\/napa43.com\/fr\/product\/b4325\/\" \/>\n<meta property=\"og:site_name\" content=\"BODEGA43\" \/>\n<meta property=\"article:modified_time\" content=\"2023-03-29T08:57:42+00:00\" \/>\n<meta property=\"og:image\" content=\"https:\/\/napa43.com\/app\/uploads\/2021\/11\/Inbouw-wijnkoelkast.jpg\" \/>\n\t<meta property=\"og:image:width\" content=\"1000\" \/>\n\t<meta property=\"og:image:height\" content=\"971\" \/>\n\t<meta property=\"og:image:type\" content=\"image\/jpeg\" \/>\n<meta name=\"twitter:card\" content=\"summary_large_image\" \/>\n<meta name=\"twitter:label1\" content=\"Dur\u00e9e de lecture estim\u00e9e\" \/>\n\t<meta name=\"twitter:data1\" content=\"1 minute\" \/>\n<script type=\"application\/ld+json\" class=\"yoast-schema-graph\">{\"@context\":\"https:\/\/schema.org\",\"@graph\":[{\"@type\":\"WebSite\",\"@id\":\"https:\/\/napa43.com\/nl\/#website\",\"url\":\"https:\/\/napa43.com\/nl\/\",\"name\":\"BODEGA43\",\"description\":\"De beste kelder voor je wijnen\",\"potentialAction\":[{\"@type\":\"SearchAction\",\"target\":{\"@type\":\"EntryPoint\",\"urlTemplate\":\"https:\/\/napa43.com\/nl\/?s={search_term_string}\"},\"query-input\":\"required name=search_term_string\"}],\"inLanguage\":\"fr-FR\"},{\"@type\":\"ImageObject\",\"inLanguage\":\"fr-FR\",\"@id\":\"https:\/\/napa43.com\/product\/bodega4325\/#primaryimage\",\"url\":\"https:\/\/napa43.com\/app\/uploads\/2021\/11\/Inbouw-wijnkoelkast.jpg\",\"contentUrl\":\"https:\/\/napa43.com\/app\/uploads\/2021\/11\/Inbouw-wijnkoelkast.jpg\",\"width\":1000,\"height\":971,\"caption\":\"Inbouw wijnkoelkast BODEGA43-25\"},{\"@type\":\"WebPage\",\"@id\":\"https:\/\/napa43.com\/product\/bodega4325\/#webpage\",\"url\":\"https:\/\/napa43.com\/product\/bodega4325\/\",\"name\":\"Inbouw wijnklimaatkast met 2 zones BODEGA43-25 - Luxe design\",\"isPartOf\":{\"@id\":\"https:\/\/napa43.com\/nl\/#website\"},\"primaryImageOfPage\":{\"@id\":\"https:\/\/napa43.com\/product\/bodega4325\/#primaryimage\"},\"datePublished\":\"2021-11-25T21:48:08+00:00\",\"dateModified\":\"2023-03-29T08:57:42+00:00\",\"description\":\"Inbouw wijnklimaatkast met 2 zones BODEGA43-25 met slechts 38 dB. 3 Dubbel bruin-getint glas voorzien van een UV-filter.\",\"breadcrumb\":{\"@id\":\"https:\/\/napa43.com\/product\/bodega4325\/#breadcrumb\"},\"inLanguage\":\"fr-FR\",\"potentialAction\":[{\"@type\":\"ReadAction\",\"target\":[\"https:\/\/napa43.com\/product\/bodega4325\/\"]}]},{\"@type\":\"BreadcrumbList\",\"@id\":\"https:\/\/napa43.com\/product\/bodega4325\/#breadcrumb\",\"itemListElement\":[{\"@type\":\"ListItem\",\"position\":1,\"name\":\"Home\",\"item\":\"https:\/\/napa43.com\/nl\/\"},{\"@type\":\"ListItem\",\"position\":2,\"name\":\"B4325 Wijnklimaatkast\"}]}]}<\/script>\n<!-- \/ Yoast SEO plugin. -->","yoast_head_json":{"title":"Inbouw wijnklimaatkast met 2 zones BODEGA43-25 - Luxe design","description":"Inbouw wijnklimaatkast met 2 zones BODEGA43-25 met slechts 38 dB. 3 Dubbel bruin-getint glas voorzien van een UV-filter.","robots":{"index":"index","follow":"follow","max-snippet":"max-snippet:-1","max-image-preview":"max-image-preview:large","max-video-preview":"max-video-preview:-1"},"canonical":"https:\/\/napa43.com\/fr\/product\/b4325\/","og_locale":"fr_FR","og_type":"article","og_title":"Inbouw wijnklimaatkast met 2 zones BODEGA43-25 - Luxe design","og_description":"Inbouw wijnklimaatkast met 2 zones BODEGA43-25 met slechts 38 dB. 3 Dubbel bruin-getint glas voorzien van een UV-filter.","og_url":"https:\/\/napa43.com\/fr\/product\/b4325\/","og_site_name":"BODEGA43","article_modified_time":"2023-03-29T08:57:42+00:00","og_image":[{"width":1000,"height":971,"url":"https:\/\/napa43.com\/app\/uploads\/2021\/11\/Inbouw-wijnkoelkast.jpg","type":"image\/jpeg"}],"twitter_card":"summary_large_image","twitter_misc":{"Dur\u00e9e de lecture estim\u00e9e":"1 minute"},"schema":{"@context":"https:\/\/schema.org","@graph":[{"@type":"WebSite","@id":"https:\/\/napa43.com\/nl\/#website","url":"https:\/\/napa43.com\/nl\/","name":"BODEGA43","description":"De beste kelder voor je wijnen","potentialAction":[{"@type":"SearchAction","target":{"@type":"EntryPoint","urlTemplate":"https:\/\/napa43.com\/nl\/?s={search_term_string}"},"query-input":"required name=search_term_string"}],"inLanguage":"fr-FR"},{"@type":"ImageObject","inLanguage":"fr-FR","@id":"https:\/\/napa43.com\/product\/bodega4325\/#primaryimage","url":"https:\/\/napa43.com\/app\/uploads\/2021\/11\/Inbouw-wijnkoelkast.jpg","contentUrl":"https:\/\/napa43.com\/app\/uploads\/2021\/11\/Inbouw-wijnkoelkast.jpg","width":1000,"height":971,"caption":"Inbouw wijnkoelkast BODEGA43-25"},{"@type":"WebPage","@id":"https:\/\/napa43.com\/product\/bodega4325\/#webpage","url":"https:\/\/napa43.com\/product\/bodega4325\/","name":"Inbouw wijnklimaatkast met 2 zones BODEGA43-25 - Luxe design","isPartOf":{"@id":"https:\/\/napa43.com\/nl\/#website"},"primaryImageOfPage":{"@id":"https:\/\/napa43.com\/product\/bodega4325\/#primaryimage"},"datePublished":"2021-11-25T21:48:08+00:00","dateModified":"2023-03-29T08:57:42+00:00","description":"Inbouw wijnklimaatkast met 2 zones BODEGA43-25 met slechts 38 dB. 3 Dubbel bruin-getint glas voorzien van een UV-filter.","breadcrumb":{"@id":"https:\/\/napa43.com\/product\/bodega4325\/#breadcrumb"},"inLanguage":"fr-FR","potentialAction":[{"@type":"ReadAction","target":["https:\/\/napa43.com\/product\/bodega4325\/"]}]},{"@type":"BreadcrumbList","@id":"https:\/\/napa43.com\/product\/bodega4325\/#breadcrumb","itemListElement":[{"@type":"ListItem","position":1,"name":"Home","item":"https:\/\/napa43.com\/nl\/"},{"@type":"ListItem","position":2,"name":"B4325 Wijnklimaatkast"}]}]}},"_links":{"self":[{"href":"https:\/\/napa43.com\/fr\/wp-json\/wp\/v2\/product\/7374"}],"collection":[{"href":"https:\/\/napa43.com\/fr\/wp-json\/wp\/v2\/product"}],"about":[{"href":"https:\/\/napa43.com\/fr\/wp-json\/wp\/v2\/types\/product"}],"version-history":[{"count":6,"href":"https:\/\/napa43.com\/fr\/wp-json\/wp\/v2\/product\/7374\/revisions"}],"predecessor-version":[{"id":7768,"href":"https:\/\/napa43.com\/fr\/wp-json\/wp\/v2\/product\/7374\/revisions\/7768"}],"wp:featuredmedia":[{"embeddable":true,"href":"https:\/\/napa43.com\/fr\/wp-json\/wp\/v2\/media\/7376"}],"wp:attachment":[{"href":"https:\/\/napa43.com\/fr\/wp-json\/wp\/v2\/media?parent=7374"}],"curies":[{"name":"wp","href":"https:\/\/api.w.org\/{rel}","templated":true}]}}