{"id":2511,"date":"2020-05-03T19:05:48","date_gmt":"2020-05-03T19:05:48","guid":{"rendered":"https:\/\/bodega43.com\/?page_id=2511"},"modified":"2022-06-16T11:48:07","modified_gmt":"2022-06-16T11:48:07","slug":"online","status":"publish","type":"page","link":"https:\/\/napa43.com\/fr\/online\/","title":{"rendered":"Online"},"content":{"rendered":"<div data-elementor-type=\"wp-page\" data-elementor-id=\"2511\" data-post-id=\"7578\" data-obj-id=\"7578\" class=\"elementor elementor-2511 dce-elementor-post-7578\" data-elementor-settings=\"[]\">\n\t\t\t\t\t\t<div class=\"elementor-inner\">\n\t\t\t\t\t\t\t<div class=\"elementor-section-wrap\">\n\t\t\t\t\t\t\t<section class=\"elementor-section elementor-top-section elementor-element elementor-element-355e4df elementor-section-height-min-height elementor-section-boxed elementor-section-height-default elementor-section-items-middle\" data-id=\"355e4df\" data-element_type=\"section\" data-settings=\"{&quot;background_background&quot;:&quot;classic&quot;}\">\n\t\t\t\t\t\t<div class=\"elementor-container elementor-column-gap-default\">\n\t\t\t\t\t\t\t<div class=\"elementor-row\">\n\t\t\t\t\t<div class=\"elementor-column elementor-col-100 elementor-top-column elementor-element elementor-element-1e72157\" data-id=\"1e72157\" data-element_type=\"column\">\n\t\t\t<div class=\"elementor-column-wrap elementor-element-populated\">\n\t\t\t\t\t\t\t<div class=\"elementor-widget-wrap\">\n\t\t\t\t\t\t<div class=\"elementor-element elementor-element-4ce730c dce_masking-none elementor-widget elementor-widget-image\" data-id=\"4ce730c\" data-element_type=\"widget\" data-widget_type=\"image.default\">\n\t\t\t\t<div class=\"elementor-widget-container\">\n\t\t\t\t\t\t\t\t<div class=\"elementor-image\">\n\t\t\t\t\t\t\t\t\t\t\t\t<img width=\"1\" height=\"1\" src=\"https:\/\/napa43.com\/app\/uploads\/2021\/03\/16-layers-1.svg\" class=\"attachment-large size-large\" alt=\"\" loading=\"lazy\" \/>\t\t\t\t\t\t\t\t\t\t\t\t\t\t<\/div>\n\t\t\t\t\t\t<\/div>\n\t\t\t\t<\/div>\n\t\t\t\t<div class=\"elementor-element elementor-element-f68b624 elementor-widget elementor-widget-heading\" data-id=\"f68b624\" data-element_type=\"widget\" data-widget_type=\"heading.default\">\n\t\t\t\t<div class=\"elementor-widget-container\">\n\t\t\t<div class=\"elementor-heading-title elementor-size-default\">Online<\/div>\t\t<\/div>\n\t\t\t\t<\/div>\n\t\t\t\t\t\t<\/div>\n\t\t\t\t\t<\/div>\n\t\t<\/div>\n\t\t\t\t\t\t\t\t<\/div>\n\t\t\t\t\t<\/div>\n\t\t<\/section>\n\t\t\t\t<section class=\"elementor-section elementor-top-section elementor-element elementor-element-7b28b20d elementor-section-boxed elementor-section-height-default elementor-section-height-default\" data-id=\"7b28b20d\" data-element_type=\"section\" data-settings=\"{&quot;background_background&quot;:&quot;classic&quot;}\">\n\t\t\t\t\t\t<div class=\"elementor-container elementor-column-gap-default\">\n\t\t\t\t\t\t\t<div class=\"elementor-row\">\n\t\t\t\t\t<div class=\"elementor-column elementor-col-100 elementor-top-column elementor-element elementor-element-74f61c62\" data-id=\"74f61c62\" data-element_type=\"column\">\n\t\t\t<div class=\"elementor-column-wrap elementor-element-populated\">\n\t\t\t\t\t\t\t<div class=\"elementor-widget-wrap\">\n\t\t\t\t\t\t<div class=\"elementor-element elementor-element-2dfb9a0 elementor-widget elementor-widget-heading\" data-id=\"2dfb9a0\" data-element_type=\"widget\" data-widget_type=\"heading.default\">\n\t\t\t\t<div class=\"elementor-widget-container\">\n\t\t\t<h2 class=\"elementor-heading-title elementor-size-default\">BODEGA43 peut \u00eatre aussi command\u00e9 on line sur le site Web ci-dessous<\/h2>\t\t<\/div>\n\t\t\t\t<\/div>\n\t\t\t\t<div class=\"elementor-element elementor-element-3d6d9f6b elementor-widget elementor-widget-text-editor\" data-id=\"3d6d9f6b\" data-element_type=\"widget\" data-widget_type=\"text-editor.default\">\n\t\t\t\t<div class=\"elementor-widget-container\">\n\t\t\t\t\t\t\t\t<div class=\"elementor-text-editor elementor-clearfix\">\n\t\t\t\t<p>Si vous avez choisis votre cave \u00e0 vin prefere\u00e9, alors vous pouvez  facilement commander BODEGA43 on line \u00e0 travers les diff\u00e9rentes addresses de vente.\u00a0Ci-dessous vous en trouverez plusieurs.\u00a0<span style=\"color: var( --e-global-color-text );\">dan kan je BODEGA43 ook heel eenvoudig online bestellen via <br \/>verschillende online aanbieders.\u00a0<\/span><span style=\"color: var( --e-global-color-text );\">Hieronder vind je er verschillende.<\/span><\/p><p class=\" translation-block\">Voulez-vous devenir un revendeur de BODEGA43 vous-m\u00eame?\u00a0Alors s\u2019il vous pla\u00eet <a href=\"https:\/\/bodega43.com\/fr\/nous-contacter\/\" target=\"_self\">contacter<\/a> BODEGA43 pour connaitre toutes les possibilit\u00e9s.<\/p>\t\t\t\t\t<\/div>\n\t\t\t\t\t\t<\/div>\n\t\t\t\t<\/div>\n\t\t\t\t\t\t<\/div>\n\t\t\t\t\t<\/div>\n\t\t<\/div>\n\t\t\t\t\t\t\t\t<\/div>\n\t\t\t\t\t<\/div>\n\t\t<\/section>\n\t\t\t\t<section class=\"elementor-section elementor-top-section elementor-element elementor-element-fe591a3 elementor-section-boxed elementor-section-height-default elementor-section-height-default\" data-id=\"fe591a3\" data-element_type=\"section\" data-settings=\"{&quot;background_background&quot;:&quot;classic&quot;}\">\n\t\t\t\t\t\t<div class=\"elementor-container elementor-column-gap-default\">\n\t\t\t\t\t\t\t<div class=\"elementor-row\">\n\t\t\t\t\t<div class=\"elementor-column elementor-col-100 elementor-top-column elementor-element elementor-element-b3e17bc\" data-id=\"b3e17bc\" data-element_type=\"column\">\n\t\t\t<div class=\"elementor-column-wrap elementor-element-populated\">\n\t\t\t\t\t\t\t<div class=\"elementor-widget-wrap\">\n\t\t\t\t\t\t<div class=\"elementor-element elementor-element-26d660d elementor-grid-4 elementor-posts--thumbnail-top elementor-grid-tablet-2 elementor-grid-mobile-1 elementor-widget elementor-widget-posts\" data-id=\"26d660d\" data-element_type=\"widget\" data-settings=\"{&quot;custom_columns&quot;:&quot;4&quot;,&quot;custom_row_gap&quot;:{&quot;unit&quot;:&quot;px&quot;,&quot;size&quot;:20,&quot;sizes&quot;:[]},&quot;custom_columns_tablet&quot;:&quot;2&quot;,&quot;custom_columns_mobile&quot;:&quot;1&quot;,&quot;custom_row_gap_tablet&quot;:{&quot;unit&quot;:&quot;px&quot;,&quot;size&quot;:&quot;&quot;,&quot;sizes&quot;:[]},&quot;custom_row_gap_mobile&quot;:{&quot;unit&quot;:&quot;px&quot;,&quot;size&quot;:&quot;&quot;,&quot;sizes&quot;:[]}}\" data-widget_type=\"posts.custom\">\n\t\t\t\t<div class=\"elementor-widget-container\">\n\t\t\t      <div class=\"ecs-posts elementor-posts-container elementor-posts   elementor-grid elementor-posts--skin-custom\" data-settings=\"{&quot;current_page&quot;:1,&quot;max_num_pages&quot;:0,&quot;load_method&quot;:&quot;&quot;,&quot;widget_id&quot;:&quot;26d660d&quot;,&quot;post_id&quot;:7578,&quot;theme_id&quot;:2511,&quot;change_url&quot;:false,&quot;reinit_js&quot;:false}\">\n      <div class=\"elementor-posts-nothing-found\"><\/div>\t\t<\/div>\n\t\t\t\t<\/div>\n\t\t\t\t<\/div>\n\t\t\t\t\t\t<\/div>\n\t\t\t\t\t<\/div>\n\t\t<\/div>\n\t\t\t\t\t\t\t\t<\/div>\n\t\t\t\t\t<\/div>\n\t\t<\/section>\n\t\t\t\t<section class=\"elementor-section elementor-top-section elementor-element elementor-element-ae47ab1 elementor-section-boxed elementor-section-height-default elementor-section-height-default\" data-id=\"ae47ab1\" data-element_type=\"section\" data-settings=\"{&quot;background_background&quot;:&quot;classic&quot;}\">\n\t\t\t\t\t\t<div class=\"elementor-container elementor-column-gap-default\">\n\t\t\t\t\t\t\t<div class=\"elementor-row\">\n\t\t\t\t\t<div class=\"elementor-column elementor-col-100 elementor-top-column elementor-element elementor-element-4af6c3e\" data-id=\"4af6c3e\" data-element_type=\"column\" data-settings=\"{&quot;background_background&quot;:&quot;classic&quot;}\">\n\t\t\t<div class=\"elementor-column-wrap elementor-element-populated\">\n\t\t\t\t\t\t\t<div class=\"elementor-widget-wrap\">\n\t\t\t\t\t\t<section class=\"elementor-section elementor-inner-section elementor-element elementor-element-390579b elementor-section-boxed elementor-section-height-default elementor-section-height-default\" data-id=\"390579b\" data-element_type=\"section\">\n\t\t\t\t\t\t<div class=\"elementor-container elementor-column-gap-default\">\n\t\t\t\t\t\t\t<div class=\"elementor-row\">\n\t\t\t\t\t<div class=\"elementor-column elementor-col-100 elementor-inner-column elementor-element elementor-element-477a926\" data-id=\"477a926\" data-element_type=\"column\" data-settings=\"{&quot;background_background&quot;:&quot;classic&quot;}\">\n\t\t\t<div class=\"elementor-column-wrap elementor-element-populated\">\n\t\t\t\t\t\t\t<div class=\"elementor-widget-wrap\">\n\t\t\t\t\t\t<div class=\"elementor-element elementor-element-ca33cb6 elementor-widget elementor-widget-heading\" data-id=\"ca33cb6\" data-element_type=\"widget\" data-widget_type=\"heading.default\">\n\t\t\t\t<div class=\"elementor-widget-container\">\n\t\t\t<h4 class=\"elementor-heading-title elementor-size-default\">Restez \u00e0 jour sur BODEGA43<\/h4>\t\t<\/div>\n\t\t\t\t<\/div>\n\t\t\t\t<div class=\"elementor-element elementor-element-f644080 elementor-button-align-end knopform elementor-widget elementor-widget-form\" data-id=\"f644080\" data-element_type=\"widget\" data-settings=\"{&quot;step_next_label&quot;:&quot;Next&quot;,&quot;step_previous_label&quot;:&quot;Previous&quot;,&quot;button_width&quot;:&quot;100&quot;,&quot;step_type&quot;:&quot;number_text&quot;,&quot;step_icon_shape&quot;:&quot;circle&quot;}\" data-widget_type=\"form.default\">\n\t\t\t\t<div class=\"elementor-widget-container\">\n\t\t\t\t\t<form class=\"elementor-form\" method=\"post\" name=\"New Form\" action=\"\">\n\t\t\t<input type=\"hidden\" name=\"post_id\" value=\"2511\"\/>\n\t\t\t<input type=\"hidden\" name=\"form_id\" value=\"f644080\"\/>\n\t\t\t<input type=\"hidden\" name=\"referer_title\" value=\"BODEGA43\" \/>\n\n\t\t\t\n\t\t\t<div class=\"elementor-form-fields-wrapper elementor-labels-above\">\n\t\t\t\t\t\t\t\t<div class=\"elementor-field-type-text elementor-field-group elementor-column elementor-field-group-name elementor-col-100\">\n\t\t\t\t\t\t\t\t\t\t\t\t\t<input size=\"1\" type=\"text\" name=\"form_fields[name]\" id=\"form-field-name\" class=\"elementor-field elementor-size-sm  elementor-field-textual\" placeholder=\"NOME\">\n\t\t\t\t\t\t\t\t\t\t\t<\/div>\n\t\t\t\t\t\t\t\t<div class=\"elementor-field-type-text elementor-field-group elementor-column elementor-field-group-field_8820489 elementor-col-100\">\n\t\t\t\t\t\t\t\t\t\t\t\t\t<input size=\"1\" type=\"text\" name=\"form_fields[field_8820489]\" id=\"form-field-field_8820489\" class=\"elementor-field elementor-size-sm  elementor-field-textual\" placeholder=\"PRENOME\">\n\t\t\t\t\t\t\t\t\t\t\t<\/div>\n\t\t\t\t\t\t\t\t<div class=\"elementor-field-type-email elementor-field-group elementor-column elementor-field-group-email elementor-col-100 elementor-field-required\">\n\t\t\t\t\t\t\t\t\t\t\t\t\t<input size=\"1\" type=\"email\" name=\"form_fields[email]\" id=\"form-field-email\" class=\"elementor-field elementor-size-sm  elementor-field-textual\" placeholder=\"Addresse E-MAIL\" required=\"required\" aria-required=\"true\">\n\t\t\t\t\t\t\t\t\t\t\t<\/div>\n\t\t\t\t\t\t\t\t<div class=\"elementor-field-type-recaptcha elementor-field-group elementor-column elementor-field-group-field_39675af elementor-col-100\">\n\t\t\t\t\t<div class=\"elementor-field\" id=\"form-field-field_39675af\"><div class=\"elementor-g-recaptcha\" data-sitekey=\"6LcDVPgcAAAAAJrrkESeXk9osIVOf3tJDoK7Kg1q\" data-type=\"v2_checkbox\" data-theme=\"light\" data-size=\"compact\"><\/div><\/div>\t\t\t\t<\/div>\n\t\t\t\t\t\t\t\t<div class=\"elementor-field-group elementor-column elementor-field-type-submit elementor-col-100 e-form__buttons\">\n\t\t\t\t\t<button type=\"submit\" class=\"elementor-button elementor-size-sm\">\n\t\t\t\t\t\t<span >\n\t\t\t\t\t\t\t\t\t\t\t\t\t\t\t<span class=\"elementor-button-icon\">\n\t\t\t\t\t\t\t\t\t\t\t\t\t\t\t\t\t\t\t\t\t\t\t\t\t\t<\/span>\n\t\t\t\t\t\t\t\t\t\t\t\t\t\t\t\t\t\t\t\t\t\t<span class=\"elementor-button-text\">ENVOIE<\/span>\n\t\t\t\t\t\t\t\t\t\t\t\t\t<\/span>\n\t\t\t\t\t<\/button>\n\t\t\t\t<\/div>\n\t\t\t<\/div>\n\t\t<input type=\"hidden\" name=\"trp-form-language\" value=\"fr\"\/><\/form>\n\t\t\t\t<\/div>\n\t\t\t\t<\/div>\n\t\t\t\t\t\t<\/div>\n\t\t\t\t\t<\/div>\n\t\t<\/div>\n\t\t\t\t\t\t\t\t<\/div>\n\t\t\t\t\t<\/div>\n\t\t<\/section>\n\t\t\t\t\t\t<\/div>\n\t\t\t\t\t<\/div>\n\t\t<\/div>\n\t\t\t\t\t\t\t\t<\/div>\n\t\t\t\t\t<\/div>\n\t\t<\/section>\n\t\t\t\t\t\t<\/div>\n\t\t\t\t\t\t<\/div>\n\t\t\t\t\t<\/div>","protected":false},"excerpt":{"rendered":"<p>Online BODEGA43 is ook online te bestellen via onderstaande websites Maak je graag zelf je eigen keuze op het moment dat het jou uitkomt,\u00a0dan kan je BODEGA43 ook heel eenvoudig online bestellen via verschillende online aanbieders.\u00a0Hieronder vind je er verschillende. Wil je zelf ook verkoper worden van BODEGA43? Neem dan\u00a0contact op met BODEGA43 over de [&hellip;]<\/p>","protected":false},"author":3,"featured_media":0,"parent":0,"menu_order":0,"comment_status":"closed","ping_status":"closed","template":"","meta":{"_mi_skip_tracking":false},"yoast_head":"<!-- This site is optimized with the Yoast SEO plugin v18.9 - https:\/\/yoast.com\/wordpress\/plugins\/seo\/ -->\n<title>Online verkoopkanalen BODEGA43 - Eenvoudig online bestellen<\/title>\n<meta name=\"description\" content=\"Online verkoopadressen in Nederland van BODEGA43 wijnklimaatkasten. Gratis verzending in geheel Nederland.\" \/>\n<meta name=\"robots\" content=\"index, follow, max-snippet:-1, max-image-preview:large, max-video-preview:-1\" \/>\n<link rel=\"canonical\" href=\"https:\/\/napa43.com\/fr\/online\/\" \/>\n<meta property=\"og:locale\" content=\"fr_FR\" \/>\n<meta property=\"og:type\" content=\"article\" \/>\n<meta property=\"og:title\" content=\"Online verkoopkanalen BODEGA43 - Eenvoudig online bestellen\" \/>\n<meta property=\"og:description\" content=\"Online verkoopadressen in Nederland van BODEGA43 wijnklimaatkasten. Gratis verzending in geheel Nederland.\" \/>\n<meta property=\"og:url\" content=\"https:\/\/napa43.com\/fr\/online\/\" \/>\n<meta property=\"og:site_name\" content=\"BODEGA43\" \/>\n<meta property=\"article:modified_time\" content=\"2022-06-16T11:48:07+00:00\" \/>\n<meta property=\"og:image\" content=\"https:\/\/napa43.com\/app\/uploads\/2021\/03\/16-layers-1.svg\" \/>\n<meta name=\"twitter:card\" content=\"summary_large_image\" \/>\n<meta name=\"twitter:label1\" content=\"Dur\u00e9e de lecture estim\u00e9e\" \/>\n\t<meta name=\"twitter:data1\" content=\"16 minutes\" \/>\n<script type=\"application\/ld+json\" class=\"yoast-schema-graph\">{\"@context\":\"https:\/\/schema.org\",\"@graph\":[{\"@type\":\"WebSite\",\"@id\":\"https:\/\/napa43.com\/nl\/#website\",\"url\":\"https:\/\/napa43.com\/nl\/\",\"name\":\"BODEGA43\",\"description\":\"De beste kelder voor je wijnen\",\"potentialAction\":[{\"@type\":\"SearchAction\",\"target\":{\"@type\":\"EntryPoint\",\"urlTemplate\":\"https:\/\/napa43.com\/nl\/?s={search_term_string}\"},\"query-input\":\"required name=search_term_string\"}],\"inLanguage\":\"fr-FR\"},{\"@type\":\"ImageObject\",\"inLanguage\":\"fr-FR\",\"@id\":\"https:\/\/napa43.com\/nl\/online\/#primaryimage\",\"url\":\"https:\/\/napa43.com\/app\/uploads\/2021\/03\/16-layers-1.svg\",\"contentUrl\":\"https:\/\/napa43.com\/app\/uploads\/2021\/03\/16-layers-1.svg\"},{\"@type\":\"WebPage\",\"@id\":\"https:\/\/napa43.com\/nl\/online\/#webpage\",\"url\":\"https:\/\/napa43.com\/nl\/online\/\",\"name\":\"Online verkoopkanalen BODEGA43 - Eenvoudig online bestellen\",\"isPartOf\":{\"@id\":\"https:\/\/napa43.com\/nl\/#website\"},\"primaryImageOfPage\":{\"@id\":\"https:\/\/napa43.com\/nl\/online\/#primaryimage\"},\"datePublished\":\"2020-05-03T19:05:48+00:00\",\"dateModified\":\"2022-06-16T11:48:07+00:00\",\"description\":\"Online verkoopadressen in Nederland van BODEGA43 wijnklimaatkasten. Gratis verzending in geheel Nederland.\",\"breadcrumb\":{\"@id\":\"https:\/\/napa43.com\/nl\/online\/#breadcrumb\"},\"inLanguage\":\"fr-FR\",\"potentialAction\":[{\"@type\":\"ReadAction\",\"target\":[\"https:\/\/napa43.com\/nl\/online\/\"]}]},{\"@type\":\"BreadcrumbList\",\"@id\":\"https:\/\/napa43.com\/nl\/online\/#breadcrumb\",\"itemListElement\":[{\"@type\":\"ListItem\",\"position\":1,\"name\":\"Home\",\"item\":\"https:\/\/napa43.com\/nl\/\"},{\"@type\":\"ListItem\",\"position\":2,\"name\":\"Online\"}]}]}<\/script>\n<!-- \/ Yoast SEO plugin. -->","yoast_head_json":{"title":"Online verkoopkanalen BODEGA43 - Eenvoudig online bestellen","description":"Online verkoopadressen in Nederland van BODEGA43 wijnklimaatkasten. Gratis verzending in geheel Nederland.","robots":{"index":"index","follow":"follow","max-snippet":"max-snippet:-1","max-image-preview":"max-image-preview:large","max-video-preview":"max-video-preview:-1"},"canonical":"https:\/\/napa43.com\/fr\/online\/","og_locale":"fr_FR","og_type":"article","og_title":"Online verkoopkanalen BODEGA43 - Eenvoudig online bestellen","og_description":"Online verkoopadressen in Nederland van BODEGA43 wijnklimaatkasten. Gratis verzending in geheel Nederland.","og_url":"https:\/\/napa43.com\/fr\/online\/","og_site_name":"BODEGA43","article_modified_time":"2022-06-16T11:48:07+00:00","og_image":[{"url":"https:\/\/napa43.com\/app\/uploads\/2021\/03\/16-layers-1.svg"}],"twitter_card":"summary_large_image","twitter_misc":{"Dur\u00e9e de lecture estim\u00e9e":"16 minutes"},"schema":{"@context":"https:\/\/schema.org","@graph":[{"@type":"WebSite","@id":"https:\/\/napa43.com\/nl\/#website","url":"https:\/\/napa43.com\/nl\/","name":"BODEGA43","description":"De beste kelder voor je wijnen","potentialAction":[{"@type":"SearchAction","target":{"@type":"EntryPoint","urlTemplate":"https:\/\/napa43.com\/nl\/?s={search_term_string}"},"query-input":"required name=search_term_string"}],"inLanguage":"fr-FR"},{"@type":"ImageObject","inLanguage":"fr-FR","@id":"https:\/\/napa43.com\/nl\/online\/#primaryimage","url":"https:\/\/napa43.com\/app\/uploads\/2021\/03\/16-layers-1.svg","contentUrl":"https:\/\/napa43.com\/app\/uploads\/2021\/03\/16-layers-1.svg"},{"@type":"WebPage","@id":"https:\/\/napa43.com\/nl\/online\/#webpage","url":"https:\/\/napa43.com\/nl\/online\/","name":"Online verkoopkanalen BODEGA43 - Eenvoudig online bestellen","isPartOf":{"@id":"https:\/\/napa43.com\/nl\/#website"},"primaryImageOfPage":{"@id":"https:\/\/napa43.com\/nl\/online\/#primaryimage"},"datePublished":"2020-05-03T19:05:48+00:00","dateModified":"2022-06-16T11:48:07+00:00","description":"Online verkoopadressen in Nederland van BODEGA43 wijnklimaatkasten. Gratis verzending in geheel Nederland.","breadcrumb":{"@id":"https:\/\/napa43.com\/nl\/online\/#breadcrumb"},"inLanguage":"fr-FR","potentialAction":[{"@type":"ReadAction","target":["https:\/\/napa43.com\/nl\/online\/"]}]},{"@type":"BreadcrumbList","@id":"https:\/\/napa43.com\/nl\/online\/#breadcrumb","itemListElement":[{"@type":"ListItem","position":1,"name":"Home","item":"https:\/\/napa43.com\/nl\/"},{"@type":"ListItem","position":2,"name":"Online"}]}]}},"_links":{"self":[{"href":"https:\/\/napa43.com\/fr\/wp-json\/wp\/v2\/pages\/2511"}],"collection":[{"href":"https:\/\/napa43.com\/fr\/wp-json\/wp\/v2\/pages"}],"about":[{"href":"https:\/\/napa43.com\/fr\/wp-json\/wp\/v2\/types\/page"}],"author":[{"embeddable":true,"href":"https:\/\/napa43.com\/fr\/wp-json\/wp\/v2\/users\/3"}],"replies":[{"embeddable":true,"href":"https:\/\/napa43.com\/fr\/wp-json\/wp\/v2\/comments?post=2511"}],"version-history":[{"count":134,"href":"https:\/\/napa43.com\/fr\/wp-json\/wp\/v2\/pages\/2511\/revisions"}],"predecessor-version":[{"id":7700,"href":"https:\/\/napa43.com\/fr\/wp-json\/wp\/v2\/pages\/2511\/revisions\/7700"}],"wp:attachment":[{"href":"https:\/\/napa43.com\/fr\/wp-json\/wp\/v2\/media?parent=2511"}],"curies":[{"name":"wp","href":"https:\/\/api.w.org\/{rel}","templated":true}]}}