{"id":1059,"date":"2019-03-10T08:04:39","date_gmt":"2019-03-10T08:04:39","guid":{"rendered":"http:\/\/64.131.77.249\/Bodega43\/privacy-policy-copy\/"},"modified":"2022-06-15T06:07:25","modified_gmt":"2022-06-15T06:07:25","slug":"algemene-voorwaarden","status":"publish","type":"page","link":"https:\/\/napa43.com\/fr\/termes-et-conditions\/","title":{"rendered":"Termes et conditions"},"content":{"rendered":"<div data-elementor-type=\"wp-page\" data-elementor-id=\"1059\" data-post-id=\"1059\" data-obj-id=\"1059\" class=\"elementor elementor-1059 dce-elementor-post-1059\" data-elementor-settings=\"[]\">\n\t\t\t\t\t\t<div class=\"elementor-inner\">\n\t\t\t\t\t\t\t<div class=\"elementor-section-wrap\">\n\t\t\t\t\t\t\t<section class=\"elementor-section elementor-top-section elementor-element elementor-element-43cf023 elementor-section-height-min-height elementor-section-boxed elementor-section-height-default elementor-section-items-middle\" data-id=\"43cf023\" data-element_type=\"section\" data-settings=\"{&quot;background_background&quot;:&quot;classic&quot;}\">\n\t\t\t\t\t\t<div class=\"elementor-container elementor-column-gap-default\">\n\t\t\t\t\t\t\t<div class=\"elementor-row\">\n\t\t\t\t\t<div class=\"elementor-column elementor-col-100 elementor-top-column elementor-element elementor-element-0dbb90a\" data-id=\"0dbb90a\" data-element_type=\"column\">\n\t\t\t<div class=\"elementor-column-wrap elementor-element-populated\">\n\t\t\t\t\t\t\t<div class=\"elementor-widget-wrap\">\n\t\t\t\t\t\t<div class=\"elementor-element elementor-element-f88c9f6 dce_masking-none elementor-widget elementor-widget-image\" data-id=\"f88c9f6\" data-element_type=\"widget\" data-widget_type=\"image.default\">\n\t\t\t\t<div class=\"elementor-widget-container\">\n\t\t\t\t\t\t\t\t<div class=\"elementor-image\">\n\t\t\t\t\t\t\t\t\t\t\t\t<img width=\"1\" height=\"1\" src=\"https:\/\/napa43.com\/app\/uploads\/2021\/03\/16-layers-1.svg\" class=\"attachment-large size-large\" alt=\"\" loading=\"lazy\" \/>\t\t\t\t\t\t\t\t\t\t\t\t\t\t<\/div>\n\t\t\t\t\t\t<\/div>\n\t\t\t\t<\/div>\n\t\t\t\t<div class=\"elementor-element elementor-element-72a32d0 elementor-widget elementor-widget-heading\" data-id=\"72a32d0\" data-element_type=\"widget\" data-widget_type=\"heading.default\">\n\t\t\t\t<div class=\"elementor-widget-container\">\n\t\t\t<div class=\"elementor-heading-title elementor-size-default\">Termes et conditions<\/div>\t\t<\/div>\n\t\t\t\t<\/div>\n\t\t\t\t\t\t<\/div>\n\t\t\t\t\t<\/div>\n\t\t<\/div>\n\t\t\t\t\t\t\t\t<\/div>\n\t\t\t\t\t<\/div>\n\t\t<\/section>\n\t\t\t\t<section class=\"elementor-section elementor-top-section elementor-element elementor-element-676940d elementor-section-boxed elementor-section-height-default elementor-section-height-default\" data-id=\"676940d\" data-element_type=\"section\" data-settings=\"{&quot;background_background&quot;:&quot;classic&quot;}\">\n\t\t\t\t\t\t<div class=\"elementor-container elementor-column-gap-default\">\n\t\t\t\t\t\t\t<div class=\"elementor-row\">\n\t\t\t\t\t<div class=\"elementor-column elementor-col-100 elementor-top-column elementor-element elementor-element-855318a\" data-id=\"855318a\" data-element_type=\"column\">\n\t\t\t<div class=\"elementor-column-wrap elementor-element-populated\">\n\t\t\t\t\t\t\t<div class=\"elementor-widget-wrap\">\n\t\t\t\t\t\t<div class=\"elementor-element elementor-element-0f1d71d elementor-widget elementor-widget-heading\" data-id=\"0f1d71d\" data-element_type=\"widget\" data-widget_type=\"heading.default\">\n\t\t\t\t<div class=\"elementor-widget-container\">\n\t\t\t<h2 class=\"elementor-heading-title elementor-size-default\">Termes et conditions<\/h2>\t\t<\/div>\n\t\t\t\t<\/div>\n\t\t\t\t\t\t<\/div>\n\t\t\t\t\t<\/div>\n\t\t<\/div>\n\t\t\t\t\t\t\t\t<\/div>\n\t\t\t\t\t<\/div>\n\t\t<\/section>\n\t\t\t\t<section class=\"elementor-section elementor-top-section elementor-element elementor-element-cce3e68 elementor-section-boxed elementor-section-height-default elementor-section-height-default\" data-id=\"cce3e68\" data-element_type=\"section\" data-settings=\"{&quot;background_background&quot;:&quot;classic&quot;}\">\n\t\t\t\t\t\t<div class=\"elementor-container elementor-column-gap-default\">\n\t\t\t\t\t\t\t<div class=\"elementor-row\">\n\t\t\t\t\t<div class=\"elementor-column elementor-col-100 elementor-top-column elementor-element elementor-element-8d2657c\" data-id=\"8d2657c\" data-element_type=\"column\" data-settings=\"{&quot;background_background&quot;:&quot;classic&quot;}\">\n\t\t\t<div class=\"elementor-column-wrap elementor-element-populated\">\n\t\t\t\t\t\t\t<div class=\"elementor-widget-wrap\">\n\t\t\t\t\t\t<div class=\"elementor-element elementor-element-320f745 elementor-widget elementor-widget-heading\" data-id=\"320f745\" data-element_type=\"widget\" data-widget_type=\"heading.default\">\n\t\t\t\t<div class=\"elementor-widget-container\">\n\t\t\t<h2 class=\"elementor-heading-title elementor-size-default\">BODEGA43 Conditions g\u00e9n\u00e9rales de vente<\/h2>\t\t<\/div>\n\t\t\t\t<\/div>\n\t\t\t\t<div class=\"elementor-element elementor-element-5108ed8 elementor-widget elementor-widget-text-editor\" data-id=\"5108ed8\" data-element_type=\"widget\" data-widget_type=\"text-editor.default\">\n\t\t\t\t<div class=\"elementor-widget-container\">\n\t\t\t\t\t\t\t\t<div class=\"elementor-text-editor elementor-clearfix\">\n\t\t\t\t<p>BODEGA43 International, ci-apr\u00e8s d\u00e9nomm\u00e9 BODEGA43, garantit que les appareils fournis par BODEGA43 sont fabriqu\u00e9s avec des mat\u00e9riaux fiables et produits avec le plus grand soin possible.<\/p>\n<p>N\u00e9anmoins, en cas de d\u00e9faillance r\u00e9sultant d\u2019un d\u00e9faut de mat\u00e9riau ou d\u2019un erreur de fabrication dans les 36 mois suivant l\u2019achat del\u2019appareil, BODEGA43 est pr\u00eat \u00e0 r\u00e9parer ces d\u00e9fauts sans frais suppl\u00e9mentaires, en tenant compte des dispositions \u00e9nonc\u00e9es ci-dessous.\u00a0Cela n\u2019affecte pas vos droits statutaires.<\/p>\n<h4><strong>Service de r\u00e9paration<\/strong><\/h4>\n<p>Le service de r\u00e9paration est assur\u00e9 par des techniciens de service de BODEGA43 ou par des soci\u00e9t\u00e9s de service agr\u00e9\u00e9es par BODEGA43. De cette fa\u00e7on, vous pouvez \u00eatre s\u00fbr de recevoir les informations et les diagnostic les plus professionnelles concernant votre BODEGA43 et que seront utilis\u00e9es seulement les pi\u00e8ces originales.\u00a0Le travail quotidien avec les appareils BODEGA43 nous permet de localiser et de r\u00e9soudre les pannes rapidement et efficacement.<\/p>\n<p>Pour organiser une r\u00e9paration, veuillez contacter BODEGA43 ou prendre un rendez-vous.<\/p>\n<h4><strong>Conditions de garantie<\/strong><\/h4>\n<ul>\n<li>Les r\u00e9parations ne peuvent \u00eatre effectu\u00e9es sous garantie que sur pr\u00e9sentation d\u2019une preuve d\u2019achat. La garantie commence \u00e0 la date de livraison de l\u2019appareil. Le re\u00e7u d\u2019achat doit indiquer clairement la date d\u2019achat et le nom du vendeur. Le num\u00e9ro de mod\u00e8le et le num\u00e9ro de s\u00e9rie unique sont indiqu\u00e9s sur l\u2019appareil. La garantie devient invalide si les informations contenues dans les documents susmentionn\u00e9s ont \u00e9t\u00e9 modifi\u00e9es, supprim\u00e9es ou rendues illisibles.<\/li>\n<li>La garantie ne s\u2019applique qu\u2019aux usages domestiques normaux et lorsque les instructions d\u2019installation et d\u2019utilisation ont \u00e9t\u00e9 respect\u00e9es. Pour un usage professionnel, la dur\u00e9e de la garantie est limit\u00e9e \u00e0 24 mois.<\/li>\n<li>La garantie ne couvre pas les dommages r\u00e9sultant d\u2019une mauvaise utilisation ou de d\u00e9fauts qui n\u2019affectent pas de mani\u00e8re significative le fonctionnement ou la valeur de l\u2019appareil.<\/li>\n<li>La garantie sera consid\u00e9r\u00e9e comme nulle si les pi\u00e8ces sont remplac\u00e9es par des pi\u00e8ces non originales.<\/li>\n<li>Toutes les pi\u00e8ces remplac\u00e9es sous garantie deviennent la propri\u00e9t\u00e9 de BODEGA43.<\/li>\n<li>Un appareil a pose libre doit \u00eatre install\u00e9 conform\u00e9ment aux instructions fournies.<\/li>\n<li>Si la r\u00e9paration ou le remplacement d\u2019un appareil d\u00e9fectueux entra\u00eene des co\u00fbts d\u00e9raisonnablement \u00e9lev\u00e9s ou si l\u2019appareil est irr\u00e9parable, BODEGA43 offrira un appareil \u00e9quivalent de remplacement moyennant des frais proportionnels \u00e0 la p\u00e9riode d\u2019utilisation d\u00e9j\u00e0 \u00e9coul\u00e9e. Si aucune faute n\u2019est trouv\u00e9e, les frais de service standard seront factur\u00e9s.<\/li>\n<li>Aucun frais ne sera rembours\u00e9 pour les pi\u00e8ces, accessoires ou consommables non techniques, tels que le verre, les poign\u00e9es, les lampes, les pi\u00e8ces en plastique mobiles ou d\u00e9tachables, les filtres et les tuyaux, ou toutes pertes dues \u00e0 la d\u00e9faillance de l\u2019appareil ou aux dommages cons\u00e9cutifs caus\u00e9s directement ou indirectement par l\u2019appareil.<\/li>\n<li>Les r\u00e9clamations de garantie qui ne sont pas couvertes par la garantie ou les r\u00e9clamations li\u00e9es \u00e0 la n\u00e9gligence ou \u00e0 une utilisation inappropri\u00e9e seront assujetties aux frais de service standard.<\/li>\n<\/ul>\n<p>\u00a0<\/p>\n<h4>Validit\u00e9<\/h4>\n<p>Ces conditions de garantie s\u2019appliquent aux appareils achet\u00e9s et install\u00e9s dans l\u2019UE, au Royaume-Uni ou en Suisse pour des r\u00e9parations effectu\u00e9es par ou pour le compte de BODEGA43. Si un appareil est transf\u00e9r\u00e9 dans un pays autre que celui o\u00f9 il a \u00e9t\u00e9 achet\u00e9, des contr\u00f4les doivent \u00eatre effectu\u00e9s pour s\u2019assurer qu\u2019il est conforme aux r\u00e8glements de s\u00e9curit\u00e9 et aux normes techniques du pays en question (y compris la tension, la fr\u00e9quence du r\u00e9seau, les r\u00e8glements d\u2019installation, les conditions climatiques).\u00a0Les appareils achet\u00e9s \u00e0 l\u2019\u00e9tranger doivent \u00eatre conformes aux normes et sp\u00e9cifications techniques applicables dans le pays d\u2019installation.\u00a0Toute modification n\u00e9cessaire annulera cette garantie.<\/p>\n<p>BODEGA43 n\u2019est pas responsable des dommages r\u00e9sultant du mauvais fonctionnement d\u2019un appareil.\u00a0Dans tous les cas, BODEGA43 n\u2019est pas responsable des dommages exc\u00e9dant la valeur des marchandises livr\u00e9es.<\/p>\n<p>BODEGA43 est \u00e9galement disponible pour toute question apr\u00e8s la livraison.\u00a0Pour plus d\u2019informations, veuillez contacter BODEGA43 International au +31 40 30 40\u00a0000.<\/p>\t\t\t\t\t<\/div>\n\t\t\t\t\t\t<\/div>\n\t\t\t\t<\/div>\n\t\t\t\t\t\t<\/div>\n\t\t\t\t\t<\/div>\n\t\t<\/div>\n\t\t\t\t\t\t\t\t<\/div>\n\t\t\t\t\t<\/div>\n\t\t<\/section>\n\t\t\t\t\t\t<\/div>\n\t\t\t\t\t\t<\/div>\n\t\t\t\t\t<\/div>","protected":false},"excerpt":{"rendered":"<p>Algemene voorwaarden Algemene Voorwaarden Algemene Voorwaarden BODEGA43 BODEGA43 Nederland, hierna te noemen BODEGA43, staat er voor in dat door BODEGA43 geleverde apparaten van deugdelijk materiaal zijn vervaardigd en met de grootst mogelijke zorgvuldigheid is geproduceerd. Mocht zich desondanks binnen een termijn van 36 maanden na aankoop van het apparaat een\u00a0defect voordoen als gevolg van materiaal- [&hellip;]<\/p>","protected":false},"author":3,"featured_media":5863,"parent":0,"menu_order":0,"comment_status":"closed","ping_status":"open","template":"elementor_header_footer","meta":{"_mi_skip_tracking":false},"yoast_head":"<!-- This site is optimized with the Yoast SEO plugin v18.9 - https:\/\/yoast.com\/wordpress\/plugins\/seo\/ -->\n<title>BODEGA43 General Terms and Conditions<\/title>\n<meta name=\"description\" content=\"BODEGA43 General Terms and Conditions. For information, please contact: BODEGA43 UK Ltd, tel. +44 2039 66 9192.\" \/>\n<meta name=\"robots\" content=\"index, follow, max-snippet:-1, max-image-preview:large, max-video-preview:-1\" \/>\n<link rel=\"canonical\" href=\"https:\/\/napa43.com\/fr\/termes-et-conditions\/\" \/>\n<meta property=\"og:locale\" content=\"fr_FR\" \/>\n<meta property=\"og:type\" content=\"article\" \/>\n<meta property=\"og:title\" content=\"BODEGA43 General Terms and Conditions\" \/>\n<meta property=\"og:description\" content=\"BODEGA43 General Terms and Conditions. For information, please contact: BODEGA43 UK Ltd, tel. +44 2039 66 9192.\" \/>\n<meta property=\"og:url\" content=\"https:\/\/napa43.com\/fr\/termes-et-conditions\/\" \/>\n<meta property=\"og:site_name\" content=\"BODEGA43\" \/>\n<meta property=\"article:modified_time\" content=\"2022-06-15T06:07:25+00:00\" \/>\n<meta property=\"og:image\" content=\"https:\/\/napa43.com\/app\/uploads\/2021\/05\/Contact-BODEGA43.png\" \/>\n\t<meta property=\"og:image:width\" content=\"400\" \/>\n\t<meta property=\"og:image:height\" content=\"260\" \/>\n\t<meta property=\"og:image:type\" content=\"image\/png\" \/>\n<meta name=\"twitter:card\" content=\"summary_large_image\" \/>\n<meta name=\"twitter:label1\" content=\"Dur\u00e9e de lecture estim\u00e9e\" \/>\n\t<meta name=\"twitter:data1\" content=\"4 minutes\" \/>\n<script type=\"application\/ld+json\" class=\"yoast-schema-graph\">{\"@context\":\"https:\/\/schema.org\",\"@graph\":[{\"@type\":\"WebSite\",\"@id\":\"https:\/\/napa43.com\/nl\/#website\",\"url\":\"https:\/\/napa43.com\/nl\/\",\"name\":\"BODEGA43\",\"description\":\"De beste kelder voor je wijnen\",\"potentialAction\":[{\"@type\":\"SearchAction\",\"target\":{\"@type\":\"EntryPoint\",\"urlTemplate\":\"https:\/\/napa43.com\/nl\/?s={search_term_string}\"},\"query-input\":\"required name=search_term_string\"}],\"inLanguage\":\"fr-FR\"},{\"@type\":\"ImageObject\",\"inLanguage\":\"fr-FR\",\"@id\":\"https:\/\/napa43.com\/nl\/algemene-voorwaarden\/#primaryimage\",\"url\":\"https:\/\/napa43.com\/app\/uploads\/2021\/05\/Contact-BODEGA43.png\",\"contentUrl\":\"https:\/\/napa43.com\/app\/uploads\/2021\/05\/Contact-BODEGA43.png\",\"width\":400,\"height\":260,\"caption\":\"Contact BODEGA43\"},{\"@type\":\"WebPage\",\"@id\":\"https:\/\/napa43.com\/nl\/algemene-voorwaarden\/#webpage\",\"url\":\"https:\/\/napa43.com\/nl\/algemene-voorwaarden\/\",\"name\":\"BODEGA43 General Terms and Conditions\",\"isPartOf\":{\"@id\":\"https:\/\/napa43.com\/nl\/#website\"},\"primaryImageOfPage\":{\"@id\":\"https:\/\/napa43.com\/nl\/algemene-voorwaarden\/#primaryimage\"},\"datePublished\":\"2019-03-10T08:04:39+00:00\",\"dateModified\":\"2022-06-15T06:07:25+00:00\",\"description\":\"BODEGA43 General Terms and Conditions. For information, please contact: BODEGA43 UK Ltd, tel. +44 2039 66 9192.\",\"breadcrumb\":{\"@id\":\"https:\/\/napa43.com\/nl\/algemene-voorwaarden\/#breadcrumb\"},\"inLanguage\":\"fr-FR\",\"potentialAction\":[{\"@type\":\"ReadAction\",\"target\":[\"https:\/\/napa43.com\/nl\/algemene-voorwaarden\/\"]}]},{\"@type\":\"BreadcrumbList\",\"@id\":\"https:\/\/napa43.com\/nl\/algemene-voorwaarden\/#breadcrumb\",\"itemListElement\":[{\"@type\":\"ListItem\",\"position\":1,\"name\":\"Home\",\"item\":\"https:\/\/napa43.com\/nl\/\"},{\"@type\":\"ListItem\",\"position\":2,\"name\":\"Algemene Voorwaarden\"}]}]}<\/script>\n<!-- \/ Yoast SEO plugin. -->","yoast_head_json":{"title":"BODEGA43 General Terms and Conditions","description":"BODEGA43 General Terms and Conditions. For information, please contact: BODEGA43 UK Ltd, tel. +44 2039 66 9192.","robots":{"index":"index","follow":"follow","max-snippet":"max-snippet:-1","max-image-preview":"max-image-preview:large","max-video-preview":"max-video-preview:-1"},"canonical":"https:\/\/napa43.com\/fr\/termes-et-conditions\/","og_locale":"fr_FR","og_type":"article","og_title":"BODEGA43 General Terms and Conditions","og_description":"BODEGA43 General Terms and Conditions. For information, please contact: BODEGA43 UK Ltd, tel. +44 2039 66 9192.","og_url":"https:\/\/napa43.com\/fr\/termes-et-conditions\/","og_site_name":"BODEGA43","article_modified_time":"2022-06-15T06:07:25+00:00","og_image":[{"width":400,"height":260,"url":"https:\/\/napa43.com\/app\/uploads\/2021\/05\/Contact-BODEGA43.png","type":"image\/png"}],"twitter_card":"summary_large_image","twitter_misc":{"Dur\u00e9e de lecture estim\u00e9e":"4 minutes"},"schema":{"@context":"https:\/\/schema.org","@graph":[{"@type":"WebSite","@id":"https:\/\/napa43.com\/nl\/#website","url":"https:\/\/napa43.com\/nl\/","name":"BODEGA43","description":"De beste kelder voor je wijnen","potentialAction":[{"@type":"SearchAction","target":{"@type":"EntryPoint","urlTemplate":"https:\/\/napa43.com\/nl\/?s={search_term_string}"},"query-input":"required name=search_term_string"}],"inLanguage":"fr-FR"},{"@type":"ImageObject","inLanguage":"fr-FR","@id":"https:\/\/napa43.com\/nl\/algemene-voorwaarden\/#primaryimage","url":"https:\/\/napa43.com\/app\/uploads\/2021\/05\/Contact-BODEGA43.png","contentUrl":"https:\/\/napa43.com\/app\/uploads\/2021\/05\/Contact-BODEGA43.png","width":400,"height":260,"caption":"Contact BODEGA43"},{"@type":"WebPage","@id":"https:\/\/napa43.com\/nl\/algemene-voorwaarden\/#webpage","url":"https:\/\/napa43.com\/nl\/algemene-voorwaarden\/","name":"BODEGA43 General Terms and Conditions","isPartOf":{"@id":"https:\/\/napa43.com\/nl\/#website"},"primaryImageOfPage":{"@id":"https:\/\/napa43.com\/nl\/algemene-voorwaarden\/#primaryimage"},"datePublished":"2019-03-10T08:04:39+00:00","dateModified":"2022-06-15T06:07:25+00:00","description":"BODEGA43 General Terms and Conditions. For information, please contact: BODEGA43 UK Ltd, tel. +44 2039 66 9192.","breadcrumb":{"@id":"https:\/\/napa43.com\/nl\/algemene-voorwaarden\/#breadcrumb"},"inLanguage":"fr-FR","potentialAction":[{"@type":"ReadAction","target":["https:\/\/napa43.com\/nl\/algemene-voorwaarden\/"]}]},{"@type":"BreadcrumbList","@id":"https:\/\/napa43.com\/nl\/algemene-voorwaarden\/#breadcrumb","itemListElement":[{"@type":"ListItem","position":1,"name":"Home","item":"https:\/\/napa43.com\/nl\/"},{"@type":"ListItem","position":2,"name":"Algemene Voorwaarden"}]}]}},"_links":{"self":[{"href":"https:\/\/napa43.com\/fr\/wp-json\/wp\/v2\/pages\/1059"}],"collection":[{"href":"https:\/\/napa43.com\/fr\/wp-json\/wp\/v2\/pages"}],"about":[{"href":"https:\/\/napa43.com\/fr\/wp-json\/wp\/v2\/types\/page"}],"author":[{"embeddable":true,"href":"https:\/\/napa43.com\/fr\/wp-json\/wp\/v2\/users\/3"}],"replies":[{"embeddable":true,"href":"https:\/\/napa43.com\/fr\/wp-json\/wp\/v2\/comments?post=1059"}],"version-history":[{"count":20,"href":"https:\/\/napa43.com\/fr\/wp-json\/wp\/v2\/pages\/1059\/revisions"}],"predecessor-version":[{"id":7678,"href":"https:\/\/napa43.com\/fr\/wp-json\/wp\/v2\/pages\/1059\/revisions\/7678"}],"wp:featuredmedia":[{"embeddable":true,"href":"https:\/\/napa43.com\/fr\/wp-json\/wp\/v2\/media\/5863"}],"wp:attachment":[{"href":"https:\/\/napa43.com\/fr\/wp-json\/wp\/v2\/media?parent=1059"}],"curies":[{"name":"wp","href":"https:\/\/api.w.org\/{rel}","templated":true}]}}