{"id":612,"date":"2019-01-22T08:25:14","date_gmt":"2019-01-22T08:25:14","guid":{"rendered":"http:\/\/64.131.77.249\/Bodega43\/over-bodega43\/"},"modified":"2022-06-16T12:08:49","modified_gmt":"2022-06-16T12:08:49","slug":"over-bodega43","status":"publish","type":"page","link":"https:\/\/napa43.com\/es\/sobre-bodega43\/","title":{"rendered":"Sobre BODEGA43"},"content":{"rendered":"<div data-elementor-type=\"wp-page\" data-elementor-id=\"612\" data-post-id=\"612\" data-obj-id=\"612\" class=\"elementor elementor-612 dce-elementor-post-612\" data-elementor-settings=\"[]\">\n\t\t\t\t\t\t<div class=\"elementor-inner\">\n\t\t\t\t\t\t\t<div class=\"elementor-section-wrap\">\n\t\t\t\t\t\t\t<section class=\"elementor-section elementor-top-section elementor-element elementor-element-ac39c6f elementor-section-full_width elementor-section-height-min-height elementor-section-height-default elementor-section-items-middle\" data-id=\"ac39c6f\" data-element_type=\"section\" data-settings=\"{&quot;background_background&quot;:&quot;classic&quot;}\">\n\t\t\t\t\t\t\t<div class=\"elementor-background-overlay\"><\/div>\n\t\t\t\t\t\t\t<div class=\"elementor-container elementor-column-gap-default\">\n\t\t\t\t\t\t\t<div class=\"elementor-row\">\n\t\t\t\t\t<div class=\"elementor-column elementor-col-100 elementor-top-column elementor-element elementor-element-0b7f496\" data-id=\"0b7f496\" data-element_type=\"column\">\n\t\t\t<div class=\"elementor-column-wrap elementor-element-populated\">\n\t\t\t\t\t\t\t<div class=\"elementor-widget-wrap\">\n\t\t\t\t\t\t<div class=\"elementor-element elementor-element-90219ee dce_masking-none elementor-widget elementor-widget-image\" data-id=\"90219ee\" data-element_type=\"widget\" data-widget_type=\"image.default\">\n\t\t\t\t<div class=\"elementor-widget-container\">\n\t\t\t\t\t\t\t\t<div class=\"elementor-image\">\n\t\t\t\t\t\t\t\t\t\t\t\t<img width=\"1\" height=\"1\" src=\"https:\/\/napa43.com\/app\/uploads\/2021\/03\/16-layers-1.svg\" class=\"attachment-large size-large\" alt=\"\" loading=\"lazy\" \/>\t\t\t\t\t\t\t\t\t\t\t\t\t\t<\/div>\n\t\t\t\t\t\t<\/div>\n\t\t\t\t<\/div>\n\t\t\t\t<div class=\"elementor-element elementor-element-6ac2965 elementor-widget elementor-widget-heading\" data-id=\"6ac2965\" data-element_type=\"widget\" data-widget_type=\"heading.default\">\n\t\t\t\t<div class=\"elementor-widget-container\">\n\t\t\t<div class=\"elementor-heading-title elementor-size-default\">La marca<\/div>\t\t<\/div>\n\t\t\t\t<\/div>\n\t\t\t\t\t\t<\/div>\n\t\t\t\t\t<\/div>\n\t\t<\/div>\n\t\t\t\t\t\t\t\t<\/div>\n\t\t\t\t\t<\/div>\n\t\t<\/section>\n\t\t\t\t<section class=\"elementor-section elementor-top-section elementor-element elementor-element-bbcd41e elementor-section-boxed elementor-section-height-default elementor-section-height-default\" data-id=\"bbcd41e\" data-element_type=\"section\">\n\t\t\t\t\t\t<div class=\"elementor-container elementor-column-gap-default\">\n\t\t\t\t\t\t\t<div class=\"elementor-row\">\n\t\t\t\t\t<div class=\"elementor-column elementor-col-50 elementor-top-column elementor-element elementor-element-7cc3fbc\" data-id=\"7cc3fbc\" data-element_type=\"column\">\n\t\t\t<div class=\"elementor-column-wrap elementor-element-populated\">\n\t\t\t\t\t\t\t<div class=\"elementor-widget-wrap\">\n\t\t\t\t\t\t<div class=\"elementor-element elementor-element-c4758c0 elementor-widget elementor-widget-text-editor\" data-id=\"c4758c0\" data-element_type=\"widget\" data-widget_type=\"text-editor.default\">\n\t\t\t\t<div class=\"elementor-widget-container\">\n\t\t\t\t\t\t\t\t<div class=\"elementor-text-editor elementor-clearfix\">\n\t\t\t\t<p><img loading=\"lazy\" class=\"alignnone wp-image-3784\" src=\"https:\/\/napa43.com\/app\/uploads\/2021\/03\/16-layers.svg\" alt=\"\" width=\"112\" height=\"23\" \/>\u00a0<strong><span style=\"color: #2f2f2f;\">es sin\u00f3nimo de innovaci\u00f3n y dise\u00f1o en el campo de las vinotecas.<\/span><\/strong><\/p>\t\t\t\t\t<\/div>\n\t\t\t\t\t\t<\/div>\n\t\t\t\t<\/div>\n\t\t\t\t<div class=\"elementor-element elementor-element-837eb39 elementor-widget elementor-widget-text-editor\" data-id=\"837eb39\" data-element_type=\"widget\" data-widget_type=\"text-editor.default\">\n\t\t\t\t<div class=\"elementor-widget-container\">\n\t\t\t\t\t\t\t\t<div class=\"elementor-text-editor elementor-clearfix\">\n\t\t\t\t<p>Con una pasi\u00f3n por el vino y la comida, nos esforzamos por lograr la mejor calidad, tecnolog\u00eda y dise\u00f1o posibles para una maduraci\u00f3n \u00f3ptima del vino. Nuestro \u00faltimo deseo es dise\u00f1ar y crear una buena bodega accesible para todos los amantes del vino.<\/p><p>La tecnolog\u00eda de alta calidad y el dise\u00f1o moderno de BODEGA43 se adapta a cada lugar y convierte una cocina o un sal\u00f3n en un espacio contempor\u00e1neo.\nBODEGA43 crea la experiencia perfecta para hacer que todos sus deseos sobre el vino se conviertan en realidad. Sin lugar a duda: la mejor bodega para tus vinos.<\/p><p>BODEGA43 \u00ae es una marca registrada.<\/p>\t\t\t\t\t<\/div>\n\t\t\t\t\t\t<\/div>\n\t\t\t\t<\/div>\n\t\t\t\t\t\t<\/div>\n\t\t\t\t\t<\/div>\n\t\t<\/div>\n\t\t\t\t<div class=\"elementor-column elementor-col-50 elementor-top-column elementor-element elementor-element-f7206cc\" data-id=\"f7206cc\" data-element_type=\"column\">\n\t\t\t<div class=\"elementor-column-wrap elementor-element-populated\">\n\t\t\t\t\t\t\t<div class=\"elementor-widget-wrap\">\n\t\t\t\t\t\t<div class=\"elementor-element elementor-element-7f21d50 dce_masking-none elementor-aspect-ratio-169 elementor-widget elementor-widget-video\" data-id=\"7f21d50\" data-element_type=\"widget\" data-settings=\"{&quot;video_type&quot;:&quot;hosted&quot;,&quot;autoplay&quot;:&quot;yes&quot;,&quot;controls&quot;:&quot;yes&quot;,&quot;aspect_ratio&quot;:&quot;169&quot;}\" data-widget_type=\"video.default\">\n\t\t\t\t<div class=\"elementor-widget-container\">\n\t\t\t\t\t<div class=\"e-hosted-video elementor-wrapper elementor-fit-aspect-ratio elementor-open-inline\">\n\t\t\t\t\t<video class=\"elementor-video\" src=\"http:\/\/bodega43.com\/wp-content\/uploads\/2021\/03\/bodega43-1.mp4\" autoplay=\"\" controls=\"\" controlslist=\"nodownload\"><\/video>\n\t\t\t\t<\/div>\n\t\t\t\t<\/div>\n\t\t\t\t<\/div>\n\t\t\t\t\t\t<\/div>\n\t\t\t\t\t<\/div>\n\t\t<\/div>\n\t\t\t\t\t\t\t\t<\/div>\n\t\t\t\t\t<\/div>\n\t\t<\/section>\n\t\t\t\t\t\t<\/div>\n\t\t\t\t\t\t<\/div>\n\t\t\t\t\t<\/div>","protected":false},"excerpt":{"rendered":"<p>Het merk \u00a0staat synoniem voor innovatie en design op het\u00a0gebied van wijnklimaatkasten Met passie voor wijn \u00e8n eten\u00a0streven we naar het best haalbare in kwaliteit, techniek en\u00a0design voor een optimale rijping van wijn. Ons hoogste doel\u00a0is een goede wijnkelder voor elke wijnliefhebber bereikbaar\u00a0te maken. De hoogwaardige techniek en moderne\u00a0vormgeving van BODEGA43 past op elke plaats [&hellip;]<\/p>","protected":false},"author":3,"featured_media":0,"parent":0,"menu_order":0,"comment_status":"closed","ping_status":"closed","template":"","meta":{"_mi_skip_tracking":false},"yoast_head":"<!-- This site is optimized with the Yoast SEO plugin v18.9 - https:\/\/yoast.com\/wordpress\/plugins\/seo\/ -->\n<title>Over BODEGA43 Wijnklimaatkasten - Design en Innovatie<\/title>\n<meta name=\"description\" content=\"BODEGA43 staat synoniem voor innovatie en hoogstaand design op het gebied van wijnklimaatkasten.\" \/>\n<meta name=\"robots\" content=\"index, follow, max-snippet:-1, max-image-preview:large, max-video-preview:-1\" \/>\n<link rel=\"canonical\" href=\"https:\/\/napa43.com\/es\/sobre-bodega43\/\" \/>\n<meta property=\"og:locale\" content=\"es_ES\" \/>\n<meta property=\"og:type\" content=\"article\" \/>\n<meta property=\"og:title\" content=\"Over BODEGA43 Wijnklimaatkasten - Design en Innovatie\" \/>\n<meta property=\"og:description\" content=\"BODEGA43 staat synoniem voor innovatie en hoogstaand design op het gebied van wijnklimaatkasten.\" \/>\n<meta property=\"og:url\" content=\"https:\/\/napa43.com\/es\/sobre-bodega43\/\" \/>\n<meta property=\"og:site_name\" content=\"BODEGA43\" \/>\n<meta property=\"article:modified_time\" content=\"2022-06-16T12:08:49+00:00\" \/>\n<meta property=\"og:image\" content=\"https:\/\/napa43.com\/app\/uploads\/2021\/03\/16-layers-1.svg\" \/>\n<meta name=\"twitter:card\" content=\"summary_large_image\" \/>\n<meta name=\"twitter:label1\" content=\"Tiempo de lectura\" \/>\n\t<meta name=\"twitter:data1\" content=\"1 minuto\" \/>\n<script type=\"application\/ld+json\" class=\"yoast-schema-graph\">{\"@context\":\"https:\/\/schema.org\",\"@graph\":[{\"@type\":\"WebSite\",\"@id\":\"https:\/\/napa43.com\/nl\/#website\",\"url\":\"https:\/\/napa43.com\/nl\/\",\"name\":\"BODEGA43\",\"description\":\"De beste kelder voor je wijnen\",\"potentialAction\":[{\"@type\":\"SearchAction\",\"target\":{\"@type\":\"EntryPoint\",\"urlTemplate\":\"https:\/\/napa43.com\/nl\/?s={search_term_string}\"},\"query-input\":\"required name=search_term_string\"}],\"inLanguage\":\"es\"},{\"@type\":\"ImageObject\",\"inLanguage\":\"es\",\"@id\":\"https:\/\/napa43.com\/over-bodega43\/#primaryimage\",\"url\":\"https:\/\/napa43.com\/app\/uploads\/2021\/03\/16-layers-1.svg\",\"contentUrl\":\"https:\/\/napa43.com\/app\/uploads\/2021\/03\/16-layers-1.svg\"},{\"@type\":\"WebPage\",\"@id\":\"https:\/\/napa43.com\/over-bodega43\/#webpage\",\"url\":\"https:\/\/napa43.com\/over-bodega43\/\",\"name\":\"Over BODEGA43 Wijnklimaatkasten - Design en Innovatie\",\"isPartOf\":{\"@id\":\"https:\/\/napa43.com\/nl\/#website\"},\"primaryImageOfPage\":{\"@id\":\"https:\/\/napa43.com\/over-bodega43\/#primaryimage\"},\"datePublished\":\"2019-01-22T08:25:14+00:00\",\"dateModified\":\"2022-06-16T12:08:49+00:00\",\"description\":\"BODEGA43 staat synoniem voor innovatie en hoogstaand design op het gebied van wijnklimaatkasten.\",\"breadcrumb\":{\"@id\":\"https:\/\/napa43.com\/over-bodega43\/#breadcrumb\"},\"inLanguage\":\"es\",\"potentialAction\":[{\"@type\":\"ReadAction\",\"target\":[\"https:\/\/napa43.com\/over-bodega43\/\"]}]},{\"@type\":\"BreadcrumbList\",\"@id\":\"https:\/\/napa43.com\/over-bodega43\/#breadcrumb\",\"itemListElement\":[{\"@type\":\"ListItem\",\"position\":1,\"name\":\"Home\",\"item\":\"https:\/\/napa43.com\/nl\/\"},{\"@type\":\"ListItem\",\"position\":2,\"name\":\"Over BODEGA43\"}]}]}<\/script>\n<!-- \/ Yoast SEO plugin. -->","yoast_head_json":{"title":"Over BODEGA43 Wijnklimaatkasten - Design en Innovatie","description":"BODEGA43 staat synoniem voor innovatie en hoogstaand design op het gebied van wijnklimaatkasten.","robots":{"index":"index","follow":"follow","max-snippet":"max-snippet:-1","max-image-preview":"max-image-preview:large","max-video-preview":"max-video-preview:-1"},"canonical":"https:\/\/napa43.com\/es\/sobre-bodega43\/","og_locale":"es_ES","og_type":"article","og_title":"Over BODEGA43 Wijnklimaatkasten - Design en Innovatie","og_description":"BODEGA43 staat synoniem voor innovatie en hoogstaand design op het gebied van wijnklimaatkasten.","og_url":"https:\/\/napa43.com\/es\/sobre-bodega43\/","og_site_name":"BODEGA43","article_modified_time":"2022-06-16T12:08:49+00:00","og_image":[{"url":"https:\/\/napa43.com\/app\/uploads\/2021\/03\/16-layers-1.svg"}],"twitter_card":"summary_large_image","twitter_misc":{"Tiempo de lectura":"1 minuto"},"schema":{"@context":"https:\/\/schema.org","@graph":[{"@type":"WebSite","@id":"https:\/\/napa43.com\/nl\/#website","url":"https:\/\/napa43.com\/nl\/","name":"BODEGA43","description":"De beste kelder voor je wijnen","potentialAction":[{"@type":"SearchAction","target":{"@type":"EntryPoint","urlTemplate":"https:\/\/napa43.com\/nl\/?s={search_term_string}"},"query-input":"required name=search_term_string"}],"inLanguage":"es"},{"@type":"ImageObject","inLanguage":"es","@id":"https:\/\/napa43.com\/over-bodega43\/#primaryimage","url":"https:\/\/napa43.com\/app\/uploads\/2021\/03\/16-layers-1.svg","contentUrl":"https:\/\/napa43.com\/app\/uploads\/2021\/03\/16-layers-1.svg"},{"@type":"WebPage","@id":"https:\/\/napa43.com\/over-bodega43\/#webpage","url":"https:\/\/napa43.com\/over-bodega43\/","name":"Over BODEGA43 Wijnklimaatkasten - Design en Innovatie","isPartOf":{"@id":"https:\/\/napa43.com\/nl\/#website"},"primaryImageOfPage":{"@id":"https:\/\/napa43.com\/over-bodega43\/#primaryimage"},"datePublished":"2019-01-22T08:25:14+00:00","dateModified":"2022-06-16T12:08:49+00:00","description":"BODEGA43 staat synoniem voor innovatie en hoogstaand design op het gebied van wijnklimaatkasten.","breadcrumb":{"@id":"https:\/\/napa43.com\/over-bodega43\/#breadcrumb"},"inLanguage":"es","potentialAction":[{"@type":"ReadAction","target":["https:\/\/napa43.com\/over-bodega43\/"]}]},{"@type":"BreadcrumbList","@id":"https:\/\/napa43.com\/over-bodega43\/#breadcrumb","itemListElement":[{"@type":"ListItem","position":1,"name":"Home","item":"https:\/\/napa43.com\/nl\/"},{"@type":"ListItem","position":2,"name":"Over BODEGA43"}]}]}},"_links":{"self":[{"href":"https:\/\/napa43.com\/es\/wp-json\/wp\/v2\/pages\/612"}],"collection":[{"href":"https:\/\/napa43.com\/es\/wp-json\/wp\/v2\/pages"}],"about":[{"href":"https:\/\/napa43.com\/es\/wp-json\/wp\/v2\/types\/page"}],"author":[{"embeddable":true,"href":"https:\/\/napa43.com\/es\/wp-json\/wp\/v2\/users\/3"}],"replies":[{"embeddable":true,"href":"https:\/\/napa43.com\/es\/wp-json\/wp\/v2\/comments?post=612"}],"version-history":[{"count":56,"href":"https:\/\/napa43.com\/es\/wp-json\/wp\/v2\/pages\/612\/revisions"}],"predecessor-version":[{"id":7733,"href":"https:\/\/napa43.com\/es\/wp-json\/wp\/v2\/pages\/612\/revisions\/7733"}],"wp:attachment":[{"href":"https:\/\/napa43.com\/es\/wp-json\/wp\/v2\/media?parent=612"}],"curies":[{"name":"wp","href":"https:\/\/api.w.org\/{rel}","templated":true}]}}