{"id":1059,"date":"2019-03-10T08:04:39","date_gmt":"2019-03-10T08:04:39","guid":{"rendered":"http:\/\/64.131.77.249\/Bodega43\/privacy-policy-copy\/"},"modified":"2022-06-15T06:07:25","modified_gmt":"2022-06-15T06:07:25","slug":"algemene-voorwaarden","status":"publish","type":"page","link":"https:\/\/napa43.com\/es\/terminos-y-condiciones\/","title":{"rendered":"T\u00e9rminos y condiciones"},"content":{"rendered":"<div data-elementor-type=\"wp-page\" data-elementor-id=\"1059\" data-post-id=\"1059\" data-obj-id=\"1059\" class=\"elementor elementor-1059 dce-elementor-post-1059\" data-elementor-settings=\"[]\">\n\t\t\t\t\t\t<div class=\"elementor-inner\">\n\t\t\t\t\t\t\t<div class=\"elementor-section-wrap\">\n\t\t\t\t\t\t\t<section class=\"elementor-section elementor-top-section elementor-element elementor-element-43cf023 elementor-section-height-min-height elementor-section-boxed elementor-section-height-default elementor-section-items-middle\" data-id=\"43cf023\" data-element_type=\"section\" data-settings=\"{&quot;background_background&quot;:&quot;classic&quot;}\">\n\t\t\t\t\t\t<div class=\"elementor-container elementor-column-gap-default\">\n\t\t\t\t\t\t\t<div class=\"elementor-row\">\n\t\t\t\t\t<div class=\"elementor-column elementor-col-100 elementor-top-column elementor-element elementor-element-0dbb90a\" data-id=\"0dbb90a\" data-element_type=\"column\">\n\t\t\t<div class=\"elementor-column-wrap elementor-element-populated\">\n\t\t\t\t\t\t\t<div class=\"elementor-widget-wrap\">\n\t\t\t\t\t\t<div class=\"elementor-element elementor-element-f88c9f6 dce_masking-none elementor-widget elementor-widget-image\" data-id=\"f88c9f6\" data-element_type=\"widget\" data-widget_type=\"image.default\">\n\t\t\t\t<div class=\"elementor-widget-container\">\n\t\t\t\t\t\t\t\t<div class=\"elementor-image\">\n\t\t\t\t\t\t\t\t\t\t\t\t<img width=\"1\" height=\"1\" src=\"https:\/\/napa43.com\/app\/uploads\/2021\/03\/16-layers-1.svg\" class=\"attachment-large size-large\" alt=\"\" loading=\"lazy\" \/>\t\t\t\t\t\t\t\t\t\t\t\t\t\t<\/div>\n\t\t\t\t\t\t<\/div>\n\t\t\t\t<\/div>\n\t\t\t\t<div class=\"elementor-element elementor-element-72a32d0 elementor-widget elementor-widget-heading\" data-id=\"72a32d0\" data-element_type=\"widget\" data-widget_type=\"heading.default\">\n\t\t\t\t<div class=\"elementor-widget-container\">\n\t\t\t<div class=\"elementor-heading-title elementor-size-default\">T\u00e9rminos y condiciones<\/div>\t\t<\/div>\n\t\t\t\t<\/div>\n\t\t\t\t\t\t<\/div>\n\t\t\t\t\t<\/div>\n\t\t<\/div>\n\t\t\t\t\t\t\t\t<\/div>\n\t\t\t\t\t<\/div>\n\t\t<\/section>\n\t\t\t\t<section class=\"elementor-section elementor-top-section elementor-element elementor-element-676940d elementor-section-boxed elementor-section-height-default elementor-section-height-default\" data-id=\"676940d\" data-element_type=\"section\" data-settings=\"{&quot;background_background&quot;:&quot;classic&quot;}\">\n\t\t\t\t\t\t<div class=\"elementor-container elementor-column-gap-default\">\n\t\t\t\t\t\t\t<div class=\"elementor-row\">\n\t\t\t\t\t<div class=\"elementor-column elementor-col-100 elementor-top-column elementor-element elementor-element-855318a\" data-id=\"855318a\" data-element_type=\"column\">\n\t\t\t<div class=\"elementor-column-wrap elementor-element-populated\">\n\t\t\t\t\t\t\t<div class=\"elementor-widget-wrap\">\n\t\t\t\t\t\t<div class=\"elementor-element elementor-element-0f1d71d elementor-widget elementor-widget-heading\" data-id=\"0f1d71d\" data-element_type=\"widget\" data-widget_type=\"heading.default\">\n\t\t\t\t<div class=\"elementor-widget-container\">\n\t\t\t<h2 class=\"elementor-heading-title elementor-size-default\">T\u00e9rminos y condiciones<\/h2>\t\t<\/div>\n\t\t\t\t<\/div>\n\t\t\t\t\t\t<\/div>\n\t\t\t\t\t<\/div>\n\t\t<\/div>\n\t\t\t\t\t\t\t\t<\/div>\n\t\t\t\t\t<\/div>\n\t\t<\/section>\n\t\t\t\t<section class=\"elementor-section elementor-top-section elementor-element elementor-element-cce3e68 elementor-section-boxed elementor-section-height-default elementor-section-height-default\" data-id=\"cce3e68\" data-element_type=\"section\" data-settings=\"{&quot;background_background&quot;:&quot;classic&quot;}\">\n\t\t\t\t\t\t<div class=\"elementor-container elementor-column-gap-default\">\n\t\t\t\t\t\t\t<div class=\"elementor-row\">\n\t\t\t\t\t<div class=\"elementor-column elementor-col-100 elementor-top-column elementor-element elementor-element-8d2657c\" data-id=\"8d2657c\" data-element_type=\"column\" data-settings=\"{&quot;background_background&quot;:&quot;classic&quot;}\">\n\t\t\t<div class=\"elementor-column-wrap elementor-element-populated\">\n\t\t\t\t\t\t\t<div class=\"elementor-widget-wrap\">\n\t\t\t\t\t\t<div class=\"elementor-element elementor-element-320f745 elementor-widget elementor-widget-heading\" data-id=\"320f745\" data-element_type=\"widget\" data-widget_type=\"heading.default\">\n\t\t\t\t<div class=\"elementor-widget-container\">\n\t\t\t<h2 class=\"elementor-heading-title elementor-size-default\">BODEGA43 T\u00e9rminos y Condiciones generales<\/h2>\t\t<\/div>\n\t\t\t\t<\/div>\n\t\t\t\t<div class=\"elementor-element elementor-element-5108ed8 elementor-widget elementor-widget-text-editor\" data-id=\"5108ed8\" data-element_type=\"widget\" data-widget_type=\"text-editor.default\">\n\t\t\t\t<div class=\"elementor-widget-container\">\n\t\t\t\t\t\t\t\t<div class=\"elementor-text-editor elementor-clearfix\">\n\t\t\t\t<p>BODEGA43 Espa\u00f1a, en lo sucesivo denominada BODEGA43, garantiza que los dispositivos suministrados por BODEGA43 est\u00e1n hechos de materiales de calidad y han sido producidos con el m\u00e1ximo cuidado.<\/p>\n<p>En caso de que se produzca un defecto en un plazo de 36 meses a partir de la compra del aparato debido a defectos en los materiales y\/o mano de obra, BODEGA43 declara su disposici\u00f3n a subsanar estos errores sin calcular los costes, sujeto a las siguientes disposiciones. Las condiciones de garant\u00eda se basan en la Directiva n\u00ba 99\/44\/CE de la UE. Sin embargo, los derechos legales no se ven afectados.<\/p>\n<h4><strong>Servicio de f\u00e1brica<\/strong><\/h4>\n<p>El servicio es prestado y realizado por t\u00e9cnicos de servicio cualificados de las empresas de servicios autorizados de BODEGA43 o por BODEGA43. De esta manera puede estar seguro de la informaci\u00f3n y diagn\u00f3stico m\u00e1s profesional de su BODEGA43 y s\u00f3lo se utilizan piezas originales. A trav\u00e9s de su trabajo diario con bodega43, podemos localizar y remediar r\u00e1pida y eficazmente el mal funcionamiento.<\/p>\n<p>Para hacer organizar una reparaci\u00f3n, p\u00f3ngase en contacto con BODEGA43 a trav\u00e9s de este n\u00famero +34 641 13 58 06 o haga una cita a trav\u00e9s de info@bodega43.com:<\/p>\n<h4><strong>Disposiciones de garant\u00eda<\/strong><\/h4>\n<ul>\n<li>S\u00f3lo se puede llevar a cabo la garant\u00eda en la presentaci\u00f3n del comprobante de compra. La garant\u00eda comienza a partir de la fecha de entrega del dispositivo. El comprobante de compra debe indicar claramente la fecha de compra y el nombre del vendedor. El n\u00famero de modelo y el n\u00famero de serie \u00fanico aparece en el dispositivo. La garant\u00eda expira si algo ha sido cambiado, eliminado o ilegible en uno de los documentos antes mencionados.<\/li>\n<li>La garant\u00eda solo se aplica al uso dom\u00e9stico normal y si se han cumplido las instrucciones de instalaci\u00f3n y funcionamiento. Para uso profesional, la duraci\u00f3n de la garant\u00eda est\u00e1 limitada a 24 meses.<\/li>\n<li>La garant\u00eda no se aplica si el defecto ha sido causado por da\u00f1os resultantes de un accidente, uso inadecuado, negligencia, desgaste normal, causa externa (como electricidad, gas, agua, temperatura) o si se han realizado intervenciones o reparaciones por servicios no aprobados por BODEGA43.<\/li>\n<li>Los da\u00f1os resultantes de un uso inadecuado y defectos que no afecten significativamente al funcionamiento o valor del dispositivo no est\u00e1n cubiertos por la garant\u00eda.<\/li>\n<li>La garant\u00eda expira si se han reemplazado las piezas con piezas no originales.<\/li>\n<li>Las piezas que han sido reemplazadas bajo garant\u00eda pasan a ser propiedad de BODEGA43.<\/li>\n<li>Un dispositivo integrable debe instalarse de acuerdo con las instrucciones de instalaci\u00f3n proporcionadas.<\/li>\n<li>Si la reparaci\u00f3n o sustituci\u00f3n del dispositivo defectuoso conlleva costes excesivamente elevados o el dispositivo es irrecuperable, BODEGA43 ofrece la sustituci\u00f3n por un dispositivo equivalente por una tarifa proporcional al per\u00edodo de uso ya expirado.<\/li>\n<li>Si no se detecta ning\u00fan defecto, se cobrar\u00e1n los costes de servicio normales. No se reembolsar\u00e1n costos por piezas, accesorios y consumibles no t\u00e9cnicos, como vidrio, asas, l\u00e1mparas, piezas de pl\u00e1stico m\u00f3viles o desmontables, filtros y mangueras; en caso de p\u00e9rdida debido a fallo del aparato o da\u00f1o consecuente causado directa o indirectamente por el dispositivo.<\/li>\n<\/ul>\n<p>\u00a0<\/p>\n<h4>Validez<\/h4>\n<p>Estos t\u00e9rminos de garant\u00eda se aplican a los dispositivos adquiridos e instalados en la UE, el Reino Unido o Suiza y, en caso de reparaci\u00f3n, realizados por o bajo la responsabilidad de BODEGA43. Si un dispositivo se transfiere a un pa\u00eds distinto de donde fue comprado, debe comprobarse si el dispositivo cumple con las normas de seguridad y t\u00e9cnicas (por ejemplo, voltaje, frecuencia de red, regulaciones de instalaci\u00f3n, condiciones clim\u00e1ticas) del pa\u00eds de que se trate. Los dispositivos adquiridos en el extranjero deben cumplir con las normas y especificaciones t\u00e9cnicas aplicables en el pa\u00eds de instalaci\u00f3n. Cualquier modificaci\u00f3n necesaria anular\u00e1 esta garant\u00eda.<\/p>\n<p>BODEGA43 no se hace responsable de los da\u00f1os resultantes de la falta o mal funcionamiento de un dispositivo. En todos los casos BODEGA43 no se hace responsable de los da\u00f1os que excedan el valor de las mercanc\u00edas entregadas.<\/p>\n<p>BODEGA43 tambi\u00e9n est\u00e1 disponible para cualquier pregunta despu\u00e9s de la entrega. Para obtener informaci\u00f3n, p\u00f3ngase en contacto con BODEGA43 Espa\u00f1a, tel. +34 641 13 58 06<\/p>\t\t\t\t\t<\/div>\n\t\t\t\t\t\t<\/div>\n\t\t\t\t<\/div>\n\t\t\t\t\t\t<\/div>\n\t\t\t\t\t<\/div>\n\t\t<\/div>\n\t\t\t\t\t\t\t\t<\/div>\n\t\t\t\t\t<\/div>\n\t\t<\/section>\n\t\t\t\t\t\t<\/div>\n\t\t\t\t\t\t<\/div>\n\t\t\t\t\t<\/div>","protected":false},"excerpt":{"rendered":"<p>Algemene voorwaarden Algemene Voorwaarden Algemene Voorwaarden BODEGA43 BODEGA43 Nederland, hierna te noemen BODEGA43, staat er voor in dat door BODEGA43 geleverde apparaten van deugdelijk materiaal zijn vervaardigd en met de grootst mogelijke zorgvuldigheid is geproduceerd. Mocht zich desondanks binnen een termijn van 36 maanden na aankoop van het apparaat een\u00a0defect voordoen als gevolg van materiaal- [&hellip;]<\/p>","protected":false},"author":3,"featured_media":5863,"parent":0,"menu_order":0,"comment_status":"closed","ping_status":"open","template":"elementor_header_footer","meta":{"_mi_skip_tracking":false},"yoast_head":"<!-- This site is optimized with the Yoast SEO plugin v18.9 - https:\/\/yoast.com\/wordpress\/plugins\/seo\/ -->\n<title>BODEGA43 General Terms and Conditions<\/title>\n<meta name=\"description\" content=\"BODEGA43 General Terms and Conditions. For information, please contact: BODEGA43 UK Ltd, tel. +44 2039 66 9192.\" \/>\n<meta name=\"robots\" content=\"index, follow, max-snippet:-1, max-image-preview:large, max-video-preview:-1\" \/>\n<link rel=\"canonical\" href=\"https:\/\/napa43.com\/es\/terminos-y-condiciones\/\" \/>\n<meta property=\"og:locale\" content=\"es_ES\" \/>\n<meta property=\"og:type\" content=\"article\" \/>\n<meta property=\"og:title\" content=\"BODEGA43 General Terms and Conditions\" \/>\n<meta property=\"og:description\" content=\"BODEGA43 General Terms and Conditions. For information, please contact: BODEGA43 UK Ltd, tel. +44 2039 66 9192.\" \/>\n<meta property=\"og:url\" content=\"https:\/\/napa43.com\/es\/terminos-y-condiciones\/\" \/>\n<meta property=\"og:site_name\" content=\"BODEGA43\" \/>\n<meta property=\"article:modified_time\" content=\"2022-06-15T06:07:25+00:00\" \/>\n<meta property=\"og:image\" content=\"https:\/\/napa43.com\/app\/uploads\/2021\/05\/Contact-BODEGA43.png\" \/>\n\t<meta property=\"og:image:width\" content=\"400\" \/>\n\t<meta property=\"og:image:height\" content=\"260\" \/>\n\t<meta property=\"og:image:type\" content=\"image\/png\" \/>\n<meta name=\"twitter:card\" content=\"summary_large_image\" \/>\n<meta name=\"twitter:label1\" content=\"Tiempo de lectura\" \/>\n\t<meta name=\"twitter:data1\" content=\"4 minutos\" \/>\n<script type=\"application\/ld+json\" class=\"yoast-schema-graph\">{\"@context\":\"https:\/\/schema.org\",\"@graph\":[{\"@type\":\"WebSite\",\"@id\":\"https:\/\/napa43.com\/nl\/#website\",\"url\":\"https:\/\/napa43.com\/nl\/\",\"name\":\"BODEGA43\",\"description\":\"De beste kelder voor je wijnen\",\"potentialAction\":[{\"@type\":\"SearchAction\",\"target\":{\"@type\":\"EntryPoint\",\"urlTemplate\":\"https:\/\/napa43.com\/nl\/?s={search_term_string}\"},\"query-input\":\"required name=search_term_string\"}],\"inLanguage\":\"es\"},{\"@type\":\"ImageObject\",\"inLanguage\":\"es\",\"@id\":\"https:\/\/napa43.com\/nl\/algemene-voorwaarden\/#primaryimage\",\"url\":\"https:\/\/napa43.com\/app\/uploads\/2021\/05\/Contact-BODEGA43.png\",\"contentUrl\":\"https:\/\/napa43.com\/app\/uploads\/2021\/05\/Contact-BODEGA43.png\",\"width\":400,\"height\":260,\"caption\":\"Contact BODEGA43\"},{\"@type\":\"WebPage\",\"@id\":\"https:\/\/napa43.com\/nl\/algemene-voorwaarden\/#webpage\",\"url\":\"https:\/\/napa43.com\/nl\/algemene-voorwaarden\/\",\"name\":\"BODEGA43 General Terms and Conditions\",\"isPartOf\":{\"@id\":\"https:\/\/napa43.com\/nl\/#website\"},\"primaryImageOfPage\":{\"@id\":\"https:\/\/napa43.com\/nl\/algemene-voorwaarden\/#primaryimage\"},\"datePublished\":\"2019-03-10T08:04:39+00:00\",\"dateModified\":\"2022-06-15T06:07:25+00:00\",\"description\":\"BODEGA43 General Terms and Conditions. For information, please contact: BODEGA43 UK Ltd, tel. +44 2039 66 9192.\",\"breadcrumb\":{\"@id\":\"https:\/\/napa43.com\/nl\/algemene-voorwaarden\/#breadcrumb\"},\"inLanguage\":\"es\",\"potentialAction\":[{\"@type\":\"ReadAction\",\"target\":[\"https:\/\/napa43.com\/nl\/algemene-voorwaarden\/\"]}]},{\"@type\":\"BreadcrumbList\",\"@id\":\"https:\/\/napa43.com\/nl\/algemene-voorwaarden\/#breadcrumb\",\"itemListElement\":[{\"@type\":\"ListItem\",\"position\":1,\"name\":\"Home\",\"item\":\"https:\/\/napa43.com\/nl\/\"},{\"@type\":\"ListItem\",\"position\":2,\"name\":\"Algemene Voorwaarden\"}]}]}<\/script>\n<!-- \/ Yoast SEO plugin. -->","yoast_head_json":{"title":"BODEGA43 General Terms and Conditions","description":"BODEGA43 General Terms and Conditions. For information, please contact: BODEGA43 UK Ltd, tel. +44 2039 66 9192.","robots":{"index":"index","follow":"follow","max-snippet":"max-snippet:-1","max-image-preview":"max-image-preview:large","max-video-preview":"max-video-preview:-1"},"canonical":"https:\/\/napa43.com\/es\/terminos-y-condiciones\/","og_locale":"es_ES","og_type":"article","og_title":"BODEGA43 General Terms and Conditions","og_description":"BODEGA43 General Terms and Conditions. For information, please contact: BODEGA43 UK Ltd, tel. +44 2039 66 9192.","og_url":"https:\/\/napa43.com\/es\/terminos-y-condiciones\/","og_site_name":"BODEGA43","article_modified_time":"2022-06-15T06:07:25+00:00","og_image":[{"width":400,"height":260,"url":"https:\/\/napa43.com\/app\/uploads\/2021\/05\/Contact-BODEGA43.png","type":"image\/png"}],"twitter_card":"summary_large_image","twitter_misc":{"Tiempo de lectura":"4 minutos"},"schema":{"@context":"https:\/\/schema.org","@graph":[{"@type":"WebSite","@id":"https:\/\/napa43.com\/nl\/#website","url":"https:\/\/napa43.com\/nl\/","name":"BODEGA43","description":"De beste kelder voor je wijnen","potentialAction":[{"@type":"SearchAction","target":{"@type":"EntryPoint","urlTemplate":"https:\/\/napa43.com\/nl\/?s={search_term_string}"},"query-input":"required name=search_term_string"}],"inLanguage":"es"},{"@type":"ImageObject","inLanguage":"es","@id":"https:\/\/napa43.com\/nl\/algemene-voorwaarden\/#primaryimage","url":"https:\/\/napa43.com\/app\/uploads\/2021\/05\/Contact-BODEGA43.png","contentUrl":"https:\/\/napa43.com\/app\/uploads\/2021\/05\/Contact-BODEGA43.png","width":400,"height":260,"caption":"Contact BODEGA43"},{"@type":"WebPage","@id":"https:\/\/napa43.com\/nl\/algemene-voorwaarden\/#webpage","url":"https:\/\/napa43.com\/nl\/algemene-voorwaarden\/","name":"BODEGA43 General Terms and Conditions","isPartOf":{"@id":"https:\/\/napa43.com\/nl\/#website"},"primaryImageOfPage":{"@id":"https:\/\/napa43.com\/nl\/algemene-voorwaarden\/#primaryimage"},"datePublished":"2019-03-10T08:04:39+00:00","dateModified":"2022-06-15T06:07:25+00:00","description":"BODEGA43 General Terms and Conditions. For information, please contact: BODEGA43 UK Ltd, tel. +44 2039 66 9192.","breadcrumb":{"@id":"https:\/\/napa43.com\/nl\/algemene-voorwaarden\/#breadcrumb"},"inLanguage":"es","potentialAction":[{"@type":"ReadAction","target":["https:\/\/napa43.com\/nl\/algemene-voorwaarden\/"]}]},{"@type":"BreadcrumbList","@id":"https:\/\/napa43.com\/nl\/algemene-voorwaarden\/#breadcrumb","itemListElement":[{"@type":"ListItem","position":1,"name":"Home","item":"https:\/\/napa43.com\/nl\/"},{"@type":"ListItem","position":2,"name":"Algemene Voorwaarden"}]}]}},"_links":{"self":[{"href":"https:\/\/napa43.com\/es\/wp-json\/wp\/v2\/pages\/1059"}],"collection":[{"href":"https:\/\/napa43.com\/es\/wp-json\/wp\/v2\/pages"}],"about":[{"href":"https:\/\/napa43.com\/es\/wp-json\/wp\/v2\/types\/page"}],"author":[{"embeddable":true,"href":"https:\/\/napa43.com\/es\/wp-json\/wp\/v2\/users\/3"}],"replies":[{"embeddable":true,"href":"https:\/\/napa43.com\/es\/wp-json\/wp\/v2\/comments?post=1059"}],"version-history":[{"count":20,"href":"https:\/\/napa43.com\/es\/wp-json\/wp\/v2\/pages\/1059\/revisions"}],"predecessor-version":[{"id":7678,"href":"https:\/\/napa43.com\/es\/wp-json\/wp\/v2\/pages\/1059\/revisions\/7678"}],"wp:featuredmedia":[{"embeddable":true,"href":"https:\/\/napa43.com\/es\/wp-json\/wp\/v2\/media\/5863"}],"wp:attachment":[{"href":"https:\/\/napa43.com\/es\/wp-json\/wp\/v2\/media?parent=1059"}],"curies":[{"name":"wp","href":"https:\/\/api.w.org\/{rel}","templated":true}]}}