{"id":1059,"date":"2019-03-10T08:04:39","date_gmt":"2019-03-10T08:04:39","guid":{"rendered":"http:\/\/64.131.77.249\/Bodega43\/privacy-policy-copy\/"},"modified":"2022-06-15T06:07:25","modified_gmt":"2022-06-15T06:07:25","slug":"algemene-voorwaarden","status":"publish","type":"page","link":"https:\/\/napa43.com\/de\/allgemeine-geschaeftsbedingungen\/","title":{"rendered":"Allgemeine Gesch\u00e4ftsbedingungen"},"content":{"rendered":"<div data-elementor-type=\"wp-page\" data-elementor-id=\"1059\" data-post-id=\"1059\" data-obj-id=\"1059\" class=\"elementor elementor-1059 dce-elementor-post-1059\" data-elementor-settings=\"[]\">\n\t\t\t\t\t\t<div class=\"elementor-inner\">\n\t\t\t\t\t\t\t<div class=\"elementor-section-wrap\">\n\t\t\t\t\t\t\t<section class=\"elementor-section elementor-top-section elementor-element elementor-element-43cf023 elementor-section-height-min-height elementor-section-boxed elementor-section-height-default elementor-section-items-middle\" data-id=\"43cf023\" data-element_type=\"section\" data-settings=\"{&quot;background_background&quot;:&quot;classic&quot;}\">\n\t\t\t\t\t\t<div class=\"elementor-container elementor-column-gap-default\">\n\t\t\t\t\t\t\t<div class=\"elementor-row\">\n\t\t\t\t\t<div class=\"elementor-column elementor-col-100 elementor-top-column elementor-element elementor-element-0dbb90a\" data-id=\"0dbb90a\" data-element_type=\"column\">\n\t\t\t<div class=\"elementor-column-wrap elementor-element-populated\">\n\t\t\t\t\t\t\t<div class=\"elementor-widget-wrap\">\n\t\t\t\t\t\t<div class=\"elementor-element elementor-element-f88c9f6 dce_masking-none elementor-widget elementor-widget-image\" data-id=\"f88c9f6\" data-element_type=\"widget\" data-widget_type=\"image.default\">\n\t\t\t\t<div class=\"elementor-widget-container\">\n\t\t\t\t\t\t\t\t<div class=\"elementor-image\">\n\t\t\t\t\t\t\t\t\t\t\t\t<img width=\"1\" height=\"1\" src=\"https:\/\/napa43.com\/app\/uploads\/2021\/03\/16-layers-1.svg\" class=\"attachment-large size-large\" alt=\"\" loading=\"lazy\" \/>\t\t\t\t\t\t\t\t\t\t\t\t\t\t<\/div>\n\t\t\t\t\t\t<\/div>\n\t\t\t\t<\/div>\n\t\t\t\t<div class=\"elementor-element elementor-element-72a32d0 elementor-widget elementor-widget-heading\" data-id=\"72a32d0\" data-element_type=\"widget\" data-widget_type=\"heading.default\">\n\t\t\t\t<div class=\"elementor-widget-container\">\n\t\t\t<div class=\"elementor-heading-title elementor-size-default\">Allgemeine Gesch\u00e4ftsbedingungen<\/div>\t\t<\/div>\n\t\t\t\t<\/div>\n\t\t\t\t\t\t<\/div>\n\t\t\t\t\t<\/div>\n\t\t<\/div>\n\t\t\t\t\t\t\t\t<\/div>\n\t\t\t\t\t<\/div>\n\t\t<\/section>\n\t\t\t\t<section class=\"elementor-section elementor-top-section elementor-element elementor-element-676940d elementor-section-boxed elementor-section-height-default elementor-section-height-default\" data-id=\"676940d\" data-element_type=\"section\" data-settings=\"{&quot;background_background&quot;:&quot;classic&quot;}\">\n\t\t\t\t\t\t<div class=\"elementor-container elementor-column-gap-default\">\n\t\t\t\t\t\t\t<div class=\"elementor-row\">\n\t\t\t\t\t<div class=\"elementor-column elementor-col-100 elementor-top-column elementor-element elementor-element-855318a\" data-id=\"855318a\" data-element_type=\"column\">\n\t\t\t<div class=\"elementor-column-wrap elementor-element-populated\">\n\t\t\t\t\t\t\t<div class=\"elementor-widget-wrap\">\n\t\t\t\t\t\t<div class=\"elementor-element elementor-element-0f1d71d elementor-widget elementor-widget-heading\" data-id=\"0f1d71d\" data-element_type=\"widget\" data-widget_type=\"heading.default\">\n\t\t\t\t<div class=\"elementor-widget-container\">\n\t\t\t<h2 class=\"elementor-heading-title elementor-size-default\">Allgemeine Gesch\u00e4ftsbedingungen<\/h2>\t\t<\/div>\n\t\t\t\t<\/div>\n\t\t\t\t\t\t<\/div>\n\t\t\t\t\t<\/div>\n\t\t<\/div>\n\t\t\t\t\t\t\t\t<\/div>\n\t\t\t\t\t<\/div>\n\t\t<\/section>\n\t\t\t\t<section class=\"elementor-section elementor-top-section elementor-element elementor-element-cce3e68 elementor-section-boxed elementor-section-height-default elementor-section-height-default\" data-id=\"cce3e68\" data-element_type=\"section\" data-settings=\"{&quot;background_background&quot;:&quot;classic&quot;}\">\n\t\t\t\t\t\t<div class=\"elementor-container elementor-column-gap-default\">\n\t\t\t\t\t\t\t<div class=\"elementor-row\">\n\t\t\t\t\t<div class=\"elementor-column elementor-col-100 elementor-top-column elementor-element elementor-element-8d2657c\" data-id=\"8d2657c\" data-element_type=\"column\" data-settings=\"{&quot;background_background&quot;:&quot;classic&quot;}\">\n\t\t\t<div class=\"elementor-column-wrap elementor-element-populated\">\n\t\t\t\t\t\t\t<div class=\"elementor-widget-wrap\">\n\t\t\t\t\t\t<div class=\"elementor-element elementor-element-320f745 elementor-widget elementor-widget-heading\" data-id=\"320f745\" data-element_type=\"widget\" data-widget_type=\"heading.default\">\n\t\t\t\t<div class=\"elementor-widget-container\">\n\t\t\t<h2 class=\"elementor-heading-title elementor-size-default\">Allgemeine Gesch\u00e4ftsbedingungen BODEGA43<\/h2>\t\t<\/div>\n\t\t\t\t<\/div>\n\t\t\t\t<div class=\"elementor-element elementor-element-5108ed8 elementor-widget elementor-widget-text-editor\" data-id=\"5108ed8\" data-element_type=\"widget\" data-widget_type=\"text-editor.default\">\n\t\t\t\t<div class=\"elementor-widget-container\">\n\t\t\t\t\t\t\t\t<div class=\"elementor-text-editor elementor-clearfix\">\n\t\t\t\t<p>BODEGA43 Deutschland, nachfolgend BODEGA43 genannt, garantiert, dass die von BODEGA43 gelieferten Ger\u00e4te aus einwandfreiem Material sind und mit gr\u00f6\u00dftm\u00f6glicher Sorgfalt hergestellt wurden.<\/p>\n<p>Sollte innerhalb eines Zeitraums von 36 Monaten nach dem Kauf des Ger\u00e4tes dennoch ein Mangel aufgrund von Material- und\/oder Herstellungsfehlern auftreten, erkl\u00e4rt sich BODEGA43 vorbehaltlich der nachfolgenden Bestimmungen bereit, diese M\u00e4ngel ohne Berechnung von Kosten zu beheben. Die Garantiebedingungen basieren auf der EU-Richtlinie Nr. 99\/44\/EG. Die gesetzlichen Rechte bleiben jedoch unber\u00fchrt.<\/p>\n<h4><strong>Werkservice<\/strong><\/h4>\n<p>Der Service wird durch geschulte Servicetechniker von BODEGA43 oder durch von BODEGA43 autorisierte Servicefirmen durchgef\u00fchrt. Auf diese Weise ist die professionellste Information und Diagnose Ihres Ger\u00e4tes gew\u00e4hrleistet und es werden nur Original-Ersatzteile verwendet. Durch ihre t\u00e4gliche Arbeit mit den BODEGA43-Ger\u00e4ten k\u00f6nnen wir den Fehler schnell und effektiv lokalisieren und beheben.<\/p>\n<p>Um einen Reparaturtermin zu vereinbaren, wenden Sie sich bitte an BODEGA43 unter +49 160 9533 0053. oder kontaktieren Sie uns \u00fcber die Website oder \u00fcber info@bodega43.com.<\/p>\n<h4><strong>Garantiebedingungen<\/strong><\/h4>\n<ul>\n<li>Die Garantie kann nur gegen Vorlage des Kaufbelegs geltend gemacht werden. Die Garantie beginnt mit dem Lieferdatum des Ger\u00e4tes. Aus dem Kaufbeleg m\u00fcssen das Kaufdatum und der Name des Verk\u00e4ufers deutlich hervorgehen. Die Typennummer und die eindeutige Seriennummer sind auf dem Ger\u00e4t angegeben. Die Garantie erlischt, wenn eines der aufgef\u00fchrten Dokumente ver\u00e4ndert, gel\u00f6scht, entfernt oder unleserlich gemacht wurde.<\/li>\n<li>Die Garantie gilt nur f\u00fcr den normalen Hausgebrauch und wenn die Installations- und Bedienungsanleitung befolgt wurde.<\/li>\n<li>Die Garantie gilt nicht, wenn der Mangel durch Sch\u00e4den infolge eines Unfalls, unsachgem\u00e4\u00dfer Verwendung, Vernachl\u00e4ssigung, normaler Abnutzung, \u00e4u\u00dferer Ursache (wie z.B. Elektrizit\u00e4t, Gas, Wasser, Temperatur) oder durch Eingriffe oder Reparaturen durch nicht von BODEGA43 zugelassenen Dienste entstanden ist.<\/li>\n<li>Sch\u00e4den durch unsachgem\u00e4\u00dfen Gebrauch und M\u00e4ngel, die die Funktion oder den Wert des Ger\u00e4tes nicht wesentlich beeintr\u00e4chtigen, fallen nicht unter die Garantie.<\/li>\n<li>Die Garantie erlischt, wenn Teile mit Nicht-Originalteilen ersetzt wurden.<\/li>\n<li>Die im Rahmen der Gew\u00e4hrleistung ausgetauschten Teile gehen in das Eigentum von BODEGA43 \u00fcber.<\/li>\n<li>Ein Einbauger\u00e4t muss gem\u00e4\u00df der mitgelieferten Montageanleitung installiert werden.<\/li>\n<li>Ist die Reparatur oder der Austausch des defekten Ger\u00e4tes mit unverh\u00e4ltnism\u00e4\u00dfig hohen Kosten verbunden oder ist das Ger\u00e4t irreparabel, bietet Ihnen BODEGA43 den Austausch eines gleichwertigen Ger\u00e4tes gegen eine Geb\u00fchr im Verh\u00e4ltnis zur bereits verstrichenen Nutzungsdauer an.<\/li>\n<li>Es werden keine Kosten erstattet, wenn kein Mangel festgestellt wurde; f\u00fcr nichttechnische Teile, Zubeh\u00f6r und Verbrauchsmaterialien wie Glas, Griffe, Lampen, bewegliche oder abnehmbare Kunststoffteile, Filter und Schl\u00e4uche; bei Verlust durch Ausfall des Ger\u00e4tes oder Folgesch\u00e4den, die direkt oder indirekt durch das Ger\u00e4t verursacht wurden.<\/li>\n<\/ul>\n<p>\u00a0<\/p>\n<h4>G\u00fcltigkeit<\/h4>\n<p>Diese Garantiebedingungen gelten f\u00fcr in Deutschland gekaufte und installierte Ger\u00e4te, die im Falle einer Reparatur durch BODEGA43 durchgef\u00fchrt wurden. Wird ein Ger\u00e4t in ein anderes Land transportiert, ist zu pr\u00fcfen, ob das Ger\u00e4t den Sicherheitsvorschriften und technischen Normen (z.B. Spannung, Netzfrequenz, Installationsvorschriften, klimatische Bedingungen) des jeweiligen Landes entspricht. Ger\u00e4te, die im Ausland gekauft werden, m\u00fcssen den in Deutschland geltenden technischen Normen und Spezifikationen entsprechen. Notwendige \u00c4nderungen f\u00fchren zum Erl\u00f6schen der Garantie.<\/p>\n<p>BODEGA43 haftet nicht f\u00fcr Sch\u00e4den, die aus der Fehlfunktion oder unsachgem\u00e4\u00dfen Arbeitsweise eines Ger\u00e4tes resultieren. In jedem Fall haftet BODEGA43 nicht f\u00fcr Sch\u00e4den, die den Wert der gelieferten Ware \u00fcbersteigen.<\/p>\n<p>Auch nach der Lieferung steht BODEGA43 f\u00fcr Fragen zur Verf\u00fcgung. F\u00fcr weitere Informationen wenden Sie sich bitte an BODEGA43 International, Tel. +49 160 9533 0053.<\/p>\t\t\t\t\t<\/div>\n\t\t\t\t\t\t<\/div>\n\t\t\t\t<\/div>\n\t\t\t\t\t\t<\/div>\n\t\t\t\t\t<\/div>\n\t\t<\/div>\n\t\t\t\t\t\t\t\t<\/div>\n\t\t\t\t\t<\/div>\n\t\t<\/section>\n\t\t\t\t\t\t<\/div>\n\t\t\t\t\t\t<\/div>\n\t\t\t\t\t<\/div>","protected":false},"excerpt":{"rendered":"<p>Algemene voorwaarden Algemene Voorwaarden Algemene Voorwaarden BODEGA43 BODEGA43 Nederland, hierna te noemen BODEGA43, staat er voor in dat door BODEGA43 geleverde apparaten van deugdelijk materiaal zijn vervaardigd en met de grootst mogelijke zorgvuldigheid is geproduceerd. Mocht zich desondanks binnen een termijn van 36 maanden na aankoop van het apparaat een\u00a0defect voordoen als gevolg van materiaal- [&hellip;]<\/p>","protected":false},"author":3,"featured_media":5863,"parent":0,"menu_order":0,"comment_status":"closed","ping_status":"open","template":"elementor_header_footer","meta":{"_mi_skip_tracking":false},"yoast_head":"<!-- This site is optimized with the Yoast SEO plugin v18.9 - https:\/\/yoast.com\/wordpress\/plugins\/seo\/ -->\n<title>BODEGA43 General Terms and Conditions<\/title>\n<meta name=\"description\" content=\"BODEGA43 General Terms and Conditions. For information, please contact: BODEGA43 UK Ltd, tel. +44 2039 66 9192.\" \/>\n<meta name=\"robots\" content=\"index, follow, max-snippet:-1, max-image-preview:large, max-video-preview:-1\" \/>\n<link rel=\"canonical\" href=\"https:\/\/napa43.com\/de\/allgemeine-geschaeftsbedingungen\/\" \/>\n<meta property=\"og:locale\" content=\"de_DE\" \/>\n<meta property=\"og:type\" content=\"article\" \/>\n<meta property=\"og:title\" content=\"BODEGA43 General Terms and Conditions\" \/>\n<meta property=\"og:description\" content=\"BODEGA43 General Terms and Conditions. For information, please contact: BODEGA43 UK Ltd, tel. +44 2039 66 9192.\" \/>\n<meta property=\"og:url\" content=\"https:\/\/napa43.com\/de\/allgemeine-geschaeftsbedingungen\/\" \/>\n<meta property=\"og:site_name\" content=\"BODEGA43\" \/>\n<meta property=\"article:modified_time\" content=\"2022-06-15T06:07:25+00:00\" \/>\n<meta property=\"og:image\" content=\"https:\/\/napa43.com\/app\/uploads\/2021\/05\/Contact-BODEGA43.png\" \/>\n\t<meta property=\"og:image:width\" content=\"400\" \/>\n\t<meta property=\"og:image:height\" content=\"260\" \/>\n\t<meta property=\"og:image:type\" content=\"image\/png\" \/>\n<meta name=\"twitter:card\" content=\"summary_large_image\" \/>\n<meta name=\"twitter:label1\" content=\"Gesch\u00e4tzte Lesezeit\" \/>\n\t<meta name=\"twitter:data1\" content=\"4 Minuten\" \/>\n<script type=\"application\/ld+json\" class=\"yoast-schema-graph\">{\"@context\":\"https:\/\/schema.org\",\"@graph\":[{\"@type\":\"WebSite\",\"@id\":\"https:\/\/napa43.com\/nl\/#website\",\"url\":\"https:\/\/napa43.com\/nl\/\",\"name\":\"BODEGA43\",\"description\":\"De beste kelder voor je wijnen\",\"potentialAction\":[{\"@type\":\"SearchAction\",\"target\":{\"@type\":\"EntryPoint\",\"urlTemplate\":\"https:\/\/napa43.com\/nl\/?s={search_term_string}\"},\"query-input\":\"required name=search_term_string\"}],\"inLanguage\":\"de-DE\"},{\"@type\":\"ImageObject\",\"inLanguage\":\"de-DE\",\"@id\":\"https:\/\/napa43.com\/nl\/algemene-voorwaarden\/#primaryimage\",\"url\":\"https:\/\/napa43.com\/app\/uploads\/2021\/05\/Contact-BODEGA43.png\",\"contentUrl\":\"https:\/\/napa43.com\/app\/uploads\/2021\/05\/Contact-BODEGA43.png\",\"width\":400,\"height\":260,\"caption\":\"Contact BODEGA43\"},{\"@type\":\"WebPage\",\"@id\":\"https:\/\/napa43.com\/nl\/algemene-voorwaarden\/#webpage\",\"url\":\"https:\/\/napa43.com\/nl\/algemene-voorwaarden\/\",\"name\":\"BODEGA43 General Terms and Conditions\",\"isPartOf\":{\"@id\":\"https:\/\/napa43.com\/nl\/#website\"},\"primaryImageOfPage\":{\"@id\":\"https:\/\/napa43.com\/nl\/algemene-voorwaarden\/#primaryimage\"},\"datePublished\":\"2019-03-10T08:04:39+00:00\",\"dateModified\":\"2022-06-15T06:07:25+00:00\",\"description\":\"BODEGA43 General Terms and Conditions. For information, please contact: BODEGA43 UK Ltd, tel. +44 2039 66 9192.\",\"breadcrumb\":{\"@id\":\"https:\/\/napa43.com\/nl\/algemene-voorwaarden\/#breadcrumb\"},\"inLanguage\":\"de-DE\",\"potentialAction\":[{\"@type\":\"ReadAction\",\"target\":[\"https:\/\/napa43.com\/nl\/algemene-voorwaarden\/\"]}]},{\"@type\":\"BreadcrumbList\",\"@id\":\"https:\/\/napa43.com\/nl\/algemene-voorwaarden\/#breadcrumb\",\"itemListElement\":[{\"@type\":\"ListItem\",\"position\":1,\"name\":\"Home\",\"item\":\"https:\/\/napa43.com\/nl\/\"},{\"@type\":\"ListItem\",\"position\":2,\"name\":\"Algemene Voorwaarden\"}]}]}<\/script>\n<!-- \/ Yoast SEO plugin. -->","yoast_head_json":{"title":"BODEGA43 General Terms and Conditions","description":"BODEGA43 General Terms and Conditions. For information, please contact: BODEGA43 UK Ltd, tel. +44 2039 66 9192.","robots":{"index":"index","follow":"follow","max-snippet":"max-snippet:-1","max-image-preview":"max-image-preview:large","max-video-preview":"max-video-preview:-1"},"canonical":"https:\/\/napa43.com\/de\/allgemeine-geschaeftsbedingungen\/","og_locale":"de_DE","og_type":"article","og_title":"BODEGA43 General Terms and Conditions","og_description":"BODEGA43 General Terms and Conditions. For information, please contact: BODEGA43 UK Ltd, tel. +44 2039 66 9192.","og_url":"https:\/\/napa43.com\/de\/allgemeine-geschaeftsbedingungen\/","og_site_name":"BODEGA43","article_modified_time":"2022-06-15T06:07:25+00:00","og_image":[{"width":400,"height":260,"url":"https:\/\/napa43.com\/app\/uploads\/2021\/05\/Contact-BODEGA43.png","type":"image\/png"}],"twitter_card":"summary_large_image","twitter_misc":{"Gesch\u00e4tzte Lesezeit":"4 Minuten"},"schema":{"@context":"https:\/\/schema.org","@graph":[{"@type":"WebSite","@id":"https:\/\/napa43.com\/nl\/#website","url":"https:\/\/napa43.com\/nl\/","name":"BODEGA43","description":"De beste kelder voor je wijnen","potentialAction":[{"@type":"SearchAction","target":{"@type":"EntryPoint","urlTemplate":"https:\/\/napa43.com\/nl\/?s={search_term_string}"},"query-input":"required name=search_term_string"}],"inLanguage":"de-DE"},{"@type":"ImageObject","inLanguage":"de-DE","@id":"https:\/\/napa43.com\/nl\/algemene-voorwaarden\/#primaryimage","url":"https:\/\/napa43.com\/app\/uploads\/2021\/05\/Contact-BODEGA43.png","contentUrl":"https:\/\/napa43.com\/app\/uploads\/2021\/05\/Contact-BODEGA43.png","width":400,"height":260,"caption":"Contact BODEGA43"},{"@type":"WebPage","@id":"https:\/\/napa43.com\/nl\/algemene-voorwaarden\/#webpage","url":"https:\/\/napa43.com\/nl\/algemene-voorwaarden\/","name":"BODEGA43 General Terms and Conditions","isPartOf":{"@id":"https:\/\/napa43.com\/nl\/#website"},"primaryImageOfPage":{"@id":"https:\/\/napa43.com\/nl\/algemene-voorwaarden\/#primaryimage"},"datePublished":"2019-03-10T08:04:39+00:00","dateModified":"2022-06-15T06:07:25+00:00","description":"BODEGA43 General Terms and Conditions. For information, please contact: BODEGA43 UK Ltd, tel. +44 2039 66 9192.","breadcrumb":{"@id":"https:\/\/napa43.com\/nl\/algemene-voorwaarden\/#breadcrumb"},"inLanguage":"de-DE","potentialAction":[{"@type":"ReadAction","target":["https:\/\/napa43.com\/nl\/algemene-voorwaarden\/"]}]},{"@type":"BreadcrumbList","@id":"https:\/\/napa43.com\/nl\/algemene-voorwaarden\/#breadcrumb","itemListElement":[{"@type":"ListItem","position":1,"name":"Home","item":"https:\/\/napa43.com\/nl\/"},{"@type":"ListItem","position":2,"name":"Algemene Voorwaarden"}]}]}},"_links":{"self":[{"href":"https:\/\/napa43.com\/de\/wp-json\/wp\/v2\/pages\/1059"}],"collection":[{"href":"https:\/\/napa43.com\/de\/wp-json\/wp\/v2\/pages"}],"about":[{"href":"https:\/\/napa43.com\/de\/wp-json\/wp\/v2\/types\/page"}],"author":[{"embeddable":true,"href":"https:\/\/napa43.com\/de\/wp-json\/wp\/v2\/users\/3"}],"replies":[{"embeddable":true,"href":"https:\/\/napa43.com\/de\/wp-json\/wp\/v2\/comments?post=1059"}],"version-history":[{"count":20,"href":"https:\/\/napa43.com\/de\/wp-json\/wp\/v2\/pages\/1059\/revisions"}],"predecessor-version":[{"id":7678,"href":"https:\/\/napa43.com\/de\/wp-json\/wp\/v2\/pages\/1059\/revisions\/7678"}],"wp:featuredmedia":[{"embeddable":true,"href":"https:\/\/napa43.com\/de\/wp-json\/wp\/v2\/media\/5863"}],"wp:attachment":[{"href":"https:\/\/napa43.com\/de\/wp-json\/wp\/v2\/media?parent=1059"}],"curies":[{"name":"wp","href":"https:\/\/api.w.org\/{rel}","templated":true}]}}